{"id":771,"date":"2024-11-03T07:04:40","date_gmt":"2024-11-03T07:04:40","guid":{"rendered":"https:\/\/www.properaz.ch\/four-a-pain\/?page_id=771"},"modified":"2024-11-03T07:04:41","modified_gmt":"2024-11-03T07:04:41","slug":"impressum","status":"publish","type":"page","link":"https:\/\/www.properaz.ch\/four-a-pain\/impressum\/","title":{"rendered":"Impressum"},"content":{"rendered":"\n<h2 class=\"wp-block-heading\"><strong>IMPRESSUM du site de l&rsquo;Association du four \u00e0 pain de Prop\u00e9raz<\/strong><\/h2>\n\n\n\n<p>Le site a \u00e9t\u00e9 r\u00e9alis\u00e9 gr\u00e2ce \u00e0 la collaboration de:<\/p>\n\n\n\n<h2 class=\"wp-block-heading\">WEBDESIGN<\/h2>\n\n\n\n<p>PREMAND Jean-Philippe<\/p>\n\n\n\n<h2 class=\"wp-block-heading\">PHOTOS<\/h2>\n\n\n\n<p>PREMAND Jean-Philippe \u2013 BERTHOUD G\u00e9rard\u2013 MONAY C\u00e9line \u2013 MONAY Patrick \u2013 AUBERT Antoine \u2013 AUBERT Anne-Lise \u2013 BIOLAZ Christophe \u2013 DERIVAZ Jo\u00ebl \u2013 DONNET Dominique \u2013 BARMAN Heidi \u2013 BARMAN Michel \u2013 DALL&rsquo;AGNOLO Jacques \u2013 BERNARD Jean-Michel \u2013 LANDOLT Walti \u2013 LANDOLT Inge \u2013 SAILLEN Christian<\/p>\n\n\n\n<h2 class=\"wp-block-heading\">TEXTES<\/h2>\n\n\n\n<p>PREMAND Jean-Philippe \u2013 MONAY C\u00e9line \u2013 MONAY Patrick<\/p>\n\n\n\n<h2 class=\"wp-block-heading\">INFORMATIQUE<\/h2>\n\n\n\n<p>DUBOSSON Laurence \u2013 CLARET Dominique \u2013 SAILLEN Christian<\/p>\n\n\n\n<h2 class=\"wp-block-heading\">H\u00c9BERGEMENT<\/h2>\n\n\n\n<p>OXITO<\/p>\n","protected":false},"excerpt":{"rendered":"<p>IMPRESSUM du site de l&rsquo;Association du four \u00e0 pain de Prop\u00e9raz Le site a \u00e9t\u00e9 r\u00e9alis\u00e9 gr\u00e2ce \u00e0 la collaboration de: WEBDESIGN PREMAND Jean-Philippe PHOTOS PREMAND Jean-Philippe \u2013 BERTHOUD G\u00e9rard\u2013 MONAY C\u00e9line \u2013 MONAY Patrick \u2013 AUBERT Antoine \u2013 AUBERT Anne-Lise \u2013 BIOLAZ Christophe \u2013 DERIVAZ Jo\u00ebl \u2013 DONNET Dominique \u2013 BARMAN Heidi \u2013 BARMAN [&hellip;]<\/p>\n","protected":false},"author":1,"featured_media":0,"parent":0,"menu_order":0,"comment_status":"closed","ping_status":"closed","template":"","meta":{"footnotes":""},"class_list":["post-771","page","type-page","status-publish","hentry"],"_links":{"self":[{"href":"https:\/\/www.properaz.ch\/four-a-pain\/wp-json\/wp\/v2\/pages\/771","targetHints":{"allow":["GET"]}}],"collection":[{"href":"https:\/\/www.properaz.ch\/four-a-pain\/wp-json\/wp\/v2\/pages"}],"about":[{"href":"https:\/\/www.properaz.ch\/four-a-pain\/wp-json\/wp\/v2\/types\/page"}],"author":[{"embeddable":true,"href":"https:\/\/www.properaz.ch\/four-a-pain\/wp-json\/wp\/v2\/users\/1"}],"replies":[{"embeddable":true,"href":"https:\/\/www.properaz.ch\/four-a-pain\/wp-json\/wp\/v2\/comments?post=771"}],"version-history":[{"count":1,"href":"https:\/\/www.properaz.ch\/four-a-pain\/wp-json\/wp\/v2\/pages\/771\/revisions"}],"predecessor-version":[{"id":774,"href":"https:\/\/www.properaz.ch\/four-a-pain\/wp-json\/wp\/v2\/pages\/771\/revisions\/774"}],"wp:attachment":[{"href":"https:\/\/www.properaz.ch\/four-a-pain\/wp-json\/wp\/v2\/media?parent=771"}],"curies":[{"name":"wp","href":"https:\/\/api.w.org\/{rel}","templated":true}]}}