{"id":7,"date":"2024-11-02T08:38:37","date_gmt":"2024-11-02T08:38:37","guid":{"rendered":"https:\/\/www.properaz.ch\/four-a-pain\/?page_id=7"},"modified":"2024-11-02T09:09:29","modified_gmt":"2024-11-02T09:09:29","slug":"a-propos-de","status":"publish","type":"page","link":"https:\/\/www.properaz.ch\/four-a-pain\/association-du-four-a-pain-de-properaz\/a-propos-de\/","title":{"rendered":"Les statuts de l&rsquo;Association du four \u00e0 pain de Prop\u00e9raz (AFAPP)statuts de l\u2019AFAPP."},"content":{"rendered":"\n<p>Ils ont \u00e9t\u00e9 \u00e9tablis pour la premi\u00e8re fois le 16 juin 2008 et ont \u00e9t\u00e9 modifi\u00e9s et approuv\u00e9s la derni\u00e8re fois, lors de l&rsquo;assembl\u00e9e g\u00e9n\u00e9rale du 26 f\u00e9vrier 2016 .<\/p>\n\n\n\n<p>Vous pouvez t\u00e9l\u00e9charger <a href=\"https:\/\/www.properaz.ch\/four-a-pain\/wp-content\/uploads\/2024\/11\/Statuts_AFAPP.pdf\">les statuts de l&rsquo;AFAPP<\/a> (PDF) ou simplement les consulter ci-dessous.<br><br><em>Bonne lecture.<\/em><\/p>\n\n\n\n<figure class=\"wp-block-gallery has-nested-images columns-default is-cropped wp-block-gallery-2 is-layout-flex wp-block-gallery-is-layout-flex\">\n<figure class=\"wp-block-image size-large\"><a href=\"https:\/\/www.properaz.ch\/four-a-pain\/wp-content\/uploads\/2024\/11\/statuts_afapp_1_1.jpg\"><img loading=\"lazy\" decoding=\"async\" width=\"737\" height=\"1024\" data-id=\"627\" src=\"https:\/\/www.properaz.ch\/four-a-pain\/wp-content\/uploads\/2024\/11\/statuts_afapp_1_1-737x1024.jpg\" alt=\"\" class=\"wp-image-627\" srcset=\"https:\/\/www.properaz.ch\/four-a-pain\/wp-content\/uploads\/2024\/11\/statuts_afapp_1_1-737x1024.jpg 737w, https:\/\/www.properaz.ch\/four-a-pain\/wp-content\/uploads\/2024\/11\/statuts_afapp_1_1-216x300.jpg 216w, https:\/\/www.properaz.ch\/four-a-pain\/wp-content\/uploads\/2024\/11\/statuts_afapp_1_1-768x1068.jpg 768w, https:\/\/www.properaz.ch\/four-a-pain\/wp-content\/uploads\/2024\/11\/statuts_afapp_1_1-1105x1536.jpg 1105w, https:\/\/www.properaz.ch\/four-a-pain\/wp-content\/uploads\/2024\/11\/statuts_afapp_1_1.jpg 1200w\" sizes=\"auto, (max-width: 737px) 100vw, 737px\" \/><\/a><\/figure>\n\n\n\n<figure class=\"wp-block-image size-large\"><a href=\"https:\/\/www.properaz.ch\/four-a-pain\/wp-content\/uploads\/2024\/11\/statuts_afapp_2_1.jpg\"><img loading=\"lazy\" decoding=\"async\" width=\"737\" height=\"1024\" data-id=\"624\" src=\"https:\/\/www.properaz.ch\/four-a-pain\/wp-content\/uploads\/2024\/11\/statuts_afapp_2_1-737x1024.jpg\" alt=\"\" class=\"wp-image-624\" srcset=\"https:\/\/www.properaz.ch\/four-a-pain\/wp-content\/uploads\/2024\/11\/statuts_afapp_2_1-737x1024.jpg 737w, https:\/\/www.properaz.ch\/four-a-pain\/wp-content\/uploads\/2024\/11\/statuts_afapp_2_1-216x300.jpg 216w, https:\/\/www.properaz.ch\/four-a-pain\/wp-content\/uploads\/2024\/11\/statuts_afapp_2_1-768x1068.jpg 768w, https:\/\/www.properaz.ch\/four-a-pain\/wp-content\/uploads\/2024\/11\/statuts_afapp_2_1-1105x1536.jpg 1105w, https:\/\/www.properaz.ch\/four-a-pain\/wp-content\/uploads\/2024\/11\/statuts_afapp_2_1.jpg 1200w\" sizes=\"auto, (max-width: 737px) 100vw, 737px\" \/><\/a><\/figure>\n\n\n\n<figure class=\"wp-block-image size-large\"><a href=\"https:\/\/www.properaz.ch\/four-a-pain\/wp-content\/uploads\/2024\/11\/statuts_afapp_3_1.jpg\"><img loading=\"lazy\" decoding=\"async\" width=\"735\" height=\"1024\" data-id=\"626\" src=\"https:\/\/www.properaz.ch\/four-a-pain\/wp-content\/uploads\/2024\/11\/statuts_afapp_3_1-735x1024.jpg\" alt=\"\" class=\"wp-image-626\" srcset=\"https:\/\/www.properaz.ch\/four-a-pain\/wp-content\/uploads\/2024\/11\/statuts_afapp_3_1-735x1024.jpg 735w, https:\/\/www.properaz.ch\/four-a-pain\/wp-content\/uploads\/2024\/11\/statuts_afapp_3_1-215x300.jpg 215w, https:\/\/www.properaz.ch\/four-a-pain\/wp-content\/uploads\/2024\/11\/statuts_afapp_3_1-768x1070.jpg 768w, https:\/\/www.properaz.ch\/four-a-pain\/wp-content\/uploads\/2024\/11\/statuts_afapp_3_1-1102x1536.jpg 1102w, https:\/\/www.properaz.ch\/four-a-pain\/wp-content\/uploads\/2024\/11\/statuts_afapp_3_1.jpg 1200w\" sizes=\"auto, (max-width: 735px) 100vw, 735px\" \/><\/a><\/figure>\n<\/figure>\n","protected":false},"excerpt":{"rendered":"<p>Ils ont \u00e9t\u00e9 \u00e9tablis pour la premi\u00e8re fois le 16 juin 2008 et ont \u00e9t\u00e9 modifi\u00e9s et approuv\u00e9s la derni\u00e8re fois, lors de l&rsquo;assembl\u00e9e g\u00e9n\u00e9rale du 26 f\u00e9vrier 2016 . Vous pouvez t\u00e9l\u00e9charger les statuts de l&rsquo;AFAPP (PDF) ou simplement les consulter ci-dessous. Bonne lecture.<\/p>\n","protected":false},"author":1,"featured_media":0,"parent":358,"menu_order":0,"comment_status":"closed","ping_status":"closed","template":"","meta":{"footnotes":""},"class_list":["post-7","page","type-page","status-publish","hentry"],"_links":{"self":[{"href":"https:\/\/www.properaz.ch\/four-a-pain\/wp-json\/wp\/v2\/pages\/7","targetHints":{"allow":["GET"]}}],"collection":[{"href":"https:\/\/www.properaz.ch\/four-a-pain\/wp-json\/wp\/v2\/pages"}],"about":[{"href":"https:\/\/www.properaz.ch\/four-a-pain\/wp-json\/wp\/v2\/types\/page"}],"author":[{"embeddable":true,"href":"https:\/\/www.properaz.ch\/four-a-pain\/wp-json\/wp\/v2\/users\/1"}],"replies":[{"embeddable":true,"href":"https:\/\/www.properaz.ch\/four-a-pain\/wp-json\/wp\/v2\/comments?post=7"}],"version-history":[{"count":6,"href":"https:\/\/www.properaz.ch\/four-a-pain\/wp-json\/wp\/v2\/pages\/7\/revisions"}],"predecessor-version":[{"id":632,"href":"https:\/\/www.properaz.ch\/four-a-pain\/wp-json\/wp\/v2\/pages\/7\/revisions\/632"}],"up":[{"embeddable":true,"href":"https:\/\/www.properaz.ch\/four-a-pain\/wp-json\/wp\/v2\/pages\/358"}],"wp:attachment":[{"href":"https:\/\/www.properaz.ch\/four-a-pain\/wp-json\/wp\/v2\/media?parent=7"}],"curies":[{"name":"wp","href":"https:\/\/api.w.org\/{rel}","templated":true}]}}