{"id":652,"date":"2024-11-02T09:20:47","date_gmt":"2024-11-02T09:20:47","guid":{"rendered":"https:\/\/www.properaz.ch\/four-a-pain\/?page_id=652"},"modified":"2026-03-12T09:51:34","modified_gmt":"2026-03-12T09:51:34","slug":"infos-pratiques","status":"publish","type":"page","link":"https:\/\/www.properaz.ch\/four-a-pain\/le-four\/infos-pratiques\/","title":{"rendered":"Infos pratiques"},"content":{"rendered":"\n<h2 class=\"wp-block-heading\">Quelques renseignements utiles pour en savoir plus sur <strong>la vie du four \u00e0 pain de Prop\u00e9raz<\/strong>&#8230;<\/h2>\n\n\n\n<div style=\"height:30px\" aria-hidden=\"true\" class=\"wp-block-spacer\"><\/div>\n\n\n\n<div class=\"wp-block-group is-nowrap is-layout-flex wp-container-core-group-is-layout-ad2f72ca wp-block-group-is-layout-flex\">\n<h3 class=\"wp-block-heading wp-container-content-1387b69e\">Adresse du four<\/h3>\n\n\n\n<blockquote class=\"wp-block-quote is-layout-flow wp-block-quote-is-layout-flow\">\n<p>Route de Prop\u00e9raz 88<br>1872 Troistorrents<br>Valais \u2013 Suisse<\/p>\n<\/blockquote>\n\n\n\n<div class=\"wp-block-columns is-layout-flex wp-container-core-columns-is-layout-9d6595d7 wp-block-columns-is-layout-flex\">\n<div class=\"wp-block-column is-layout-flow wp-block-column-is-layout-flow\">\n<div style=\"height:100px\" aria-hidden=\"true\" class=\"wp-block-spacer\"><\/div>\n<\/div>\n\n\n\n<div class=\"wp-block-column is-layout-flow wp-block-column-is-layout-flow\" style=\"flex-basis:30%\"><\/div>\n\n\n\n<div class=\"wp-block-column is-layout-flow wp-block-column-is-layout-flow\"><\/div>\n<\/div>\n<\/div>\n\n\n\n<div style=\"height:100px\" aria-hidden=\"true\" class=\"wp-block-spacer\"><\/div>\n\n\n\n<div class=\"wp-block-group is-nowrap is-layout-flex wp-container-core-group-is-layout-ad2f72ca wp-block-group-is-layout-flex\">\n<h3 class=\"wp-block-heading wp-container-content-1387b69e\">Acc\u00e8s route<\/h3>\n\n\n\n<div class=\"wp-block-group is-nowrap is-layout-flex wp-container-core-group-is-layout-ad2f72ca wp-block-group-is-layout-flex\">\n<blockquote class=\"wp-block-quote is-layout-flow wp-block-quote-is-layout-flow\">\n<p>Autoroute A9,<br>sortie Saint-Triphon\/Monthey-Nord<br>ou sortie Bex\/Monthey-Sud<\/p>\n<\/blockquote>\n<\/div>\n<\/div>\n\n\n\n<div style=\"height:100px\" aria-hidden=\"true\" class=\"wp-block-spacer\"><\/div>\n\n\n\n<div class=\"wp-block-group is-nowrap is-layout-flex wp-container-core-group-is-layout-ad2f72ca wp-block-group-is-layout-flex\">\n<h3 class=\"wp-block-heading has-medium-font-size wp-container-content-1387b69e\">Acc\u00e8s  train<\/h3>\n\n\n\n<blockquote class=\"wp-block-quote is-layout-flow wp-block-quote-is-layout-flow\">\n<ul class=\"wp-block-list\">\n<li>Chemin de fer AOMC<br>Aigle-Ollon-Monthey-Champ\u00e9ry<br>Halte Pont-de-Chemex<br><\/li>\n\n\n\n<li><a href=\"https:\/\/tpc.ch\/horaires-et-plans-tpc-trains-bus-mobichablais\/horaires-a-telecharger\/\" target=\"_blank\" rel=\"noreferrer noopener\"><strong>Horaires AOMC<\/strong><\/a><\/li>\n<\/ul>\n<\/blockquote>\n<\/div>\n\n\n\n<div style=\"height:20px\" aria-hidden=\"true\" class=\"wp-block-spacer\"><\/div>\n\n\n\n<h3 class=\"wp-block-heading\"><em>Plan de situation du four \u00e0 pain de Prop\u00e9raz<\/em><\/h3>\n\n\n\n<iframe src=\"https:\/\/www.google.com\/maps\/embed?pb=!1m18!1m12!1m3!1d2759.106241568213!2d6.931232199999998!3d46.2481157!2m3!1f0!2f0!3f0!3m2!1i1024!2i768!4f13.1!3m3!1m2!1s0x478ebcb80d16e761%3A0x657aafad7aa4bc43!2sRte%20de%20Prop%C3%A9raz%2088%2C%201872%20Troistorrents!5e0!3m2!1sfr!2sch!4v1730539366353!5m2!1sfr!2sch\" width=\"800\" height=\"450\" style=\"border:0; width:100%!important\" allowfullscreen=\"\" loading=\"lazy\" referrerpolicy=\"no-referrer-when-downgrade\"><\/iframe>\n\n\n\n<p><\/p>\n","protected":false},"excerpt":{"rendered":"<p>Quelques renseignements utiles pour en savoir plus sur la vie du four \u00e0 pain de Prop\u00e9raz&#8230; Adresse du four Route de Prop\u00e9raz 881872 TroistorrentsValais \u2013 Suisse Acc\u00e8s route Autoroute A9,sortie Saint-Triphon\/Monthey-Nordou sortie Bex\/Monthey-Sud Acc\u00e8s train Plan de situation du four \u00e0 pain de Prop\u00e9raz<\/p>\n","protected":false},"author":1,"featured_media":0,"parent":649,"menu_order":0,"comment_status":"closed","ping_status":"closed","template":"","meta":{"footnotes":""},"class_list":["post-652","page","type-page","status-publish","hentry"],"_links":{"self":[{"href":"https:\/\/www.properaz.ch\/four-a-pain\/wp-json\/wp\/v2\/pages\/652","targetHints":{"allow":["GET"]}}],"collection":[{"href":"https:\/\/www.properaz.ch\/four-a-pain\/wp-json\/wp\/v2\/pages"}],"about":[{"href":"https:\/\/www.properaz.ch\/four-a-pain\/wp-json\/wp\/v2\/types\/page"}],"author":[{"embeddable":true,"href":"https:\/\/www.properaz.ch\/four-a-pain\/wp-json\/wp\/v2\/users\/1"}],"replies":[{"embeddable":true,"href":"https:\/\/www.properaz.ch\/four-a-pain\/wp-json\/wp\/v2\/comments?post=652"}],"version-history":[{"count":20,"href":"https:\/\/www.properaz.ch\/four-a-pain\/wp-json\/wp\/v2\/pages\/652\/revisions"}],"predecessor-version":[{"id":906,"href":"https:\/\/www.properaz.ch\/four-a-pain\/wp-json\/wp\/v2\/pages\/652\/revisions\/906"}],"up":[{"embeddable":true,"href":"https:\/\/www.properaz.ch\/four-a-pain\/wp-json\/wp\/v2\/pages\/649"}],"wp:attachment":[{"href":"https:\/\/www.properaz.ch\/four-a-pain\/wp-json\/wp\/v2\/media?parent=652"}],"curies":[{"name":"wp","href":"https:\/\/api.w.org\/{rel}","templated":true}]}}