{"id":642,"date":"2024-11-02T09:04:36","date_gmt":"2024-11-02T09:04:36","guid":{"rendered":"https:\/\/www.properaz.ch\/four-a-pain\/?page_id=642"},"modified":"2024-11-02T09:08:12","modified_gmt":"2024-11-02T09:08:12","slug":"commander-des-verres-a-vin-du-four-a-pain","status":"publish","type":"page","link":"https:\/\/www.properaz.ch\/four-a-pain\/association-du-four-a-pain-de-properaz\/commander-des-verres-a-vin-du-four-a-pain\/","title":{"rendered":"Commander des verres \u00e0 vin du four \u00e0 pain"},"content":{"rendered":"\n<p>Id\u00e9al autant pour le vin blanc que le vin rouge<\/p>\n\n\n\n<ul class=\"wp-block-list\">\n<li>Fabrication UNIVERRE-PROUVA<\/li>\n\n\n\n<li>Une fa\u00e7on d&rsquo;aider le four \u00e0 pain en trinquant entre amis<\/li>\n\n\n\n<li>Un cadeau original<\/li>\n<\/ul>\n\n\n\n<h3 class=\"wp-block-heading\">PRIX des verres \u00e0 vin<\/h3>\n\n\n\n<ul class=\"wp-block-list\">\n<li>1 verre Fr. 10.\u2013<\/li>\n\n\n\n<li>6 verres Fr. 50.\u2013<\/li>\n<\/ul>\n\n\n\n<p><em>Remplissez le formulaire ci-dessous pour passer votre commande<\/em><\/p>\n\n\n<div class=\"wpforms-container wpforms-container-full wpforms-block wpforms-block-94971378-33f3-48df-a64d-71991c38777a\" id=\"wpforms-634\"><form id=\"wpforms-form-634\" class=\"wpforms-validate wpforms-form wpforms-ajax-form\" data-formid=\"634\" method=\"post\" enctype=\"multipart\/form-data\" action=\"\/four-a-pain\/wp-json\/wp\/v2\/pages\/642\" data-token=\"760789fcffd570884ec6844daab077b1\" data-token-time=\"1778671562\"><noscript class=\"wpforms-error-noscript\">Veuillez activer JavaScript dans votre navigateur pour remplir ce formulaire.<\/noscript><div class=\"wpforms-field-container\"><div id=\"wpforms-634-field_0-container\" class=\"wpforms-field wpforms-field-name\" data-field-id=\"0\"><label class=\"wpforms-field-label\">Nom <span class=\"wpforms-required-label\">*<\/span><\/label><div class=\"wpforms-field-row wpforms-field-medium\"><div class=\"wpforms-field-row-block wpforms-first wpforms-one-half\"><input type=\"text\" id=\"wpforms-634-field_0\" class=\"wpforms-field-name-first wpforms-field-required\" name=\"wpforms[fields][0][first]\" required><label for=\"wpforms-634-field_0\" class=\"wpforms-field-sublabel after\">Pr\u00e9nom<\/label><\/div><div class=\"wpforms-field-row-block wpforms-one-half\"><input type=\"text\" id=\"wpforms-634-field_0-last\" class=\"wpforms-field-name-last wpforms-field-required\" name=\"wpforms[fields][0][last]\" required><label for=\"wpforms-634-field_0-last\" class=\"wpforms-field-sublabel after\">Nom<\/label><\/div><\/div><\/div><div id=\"wpforms-634-field_3-container\" class=\"wpforms-field wpforms-field-text\" data-field-id=\"3\"><label class=\"wpforms-field-label\" for=\"wpforms-634-field_3\">Adresse <span class=\"wpforms-required-label\">*<\/span><\/label><input type=\"text\" id=\"wpforms-634-field_3\" class=\"wpforms-field-medium wpforms-field-required\" name=\"wpforms[fields][3]\" required><\/div><div id=\"wpforms-634-field_4-container\" class=\"wpforms-field wpforms-field-text\" data-field-id=\"4\"><label class=\"wpforms-field-label\" for=\"wpforms-634-field_4\">NPA <span class=\"wpforms-required-label\">*<\/span><\/label><input type=\"text\" id=\"wpforms-634-field_4\" class=\"wpforms-field-medium wpforms-field-required\" name=\"wpforms[fields][4]\" required><\/div><div id=\"wpforms-634-field_6-container\" class=\"wpforms-field wpforms-field-text\" data-field-id=\"6\"><label class=\"wpforms-field-label\" for=\"wpforms-634-field_6\">Ville <span class=\"wpforms-required-label\">*<\/span><\/label><input type=\"text\" id=\"wpforms-634-field_6\" class=\"wpforms-field-medium wpforms-field-required\" name=\"wpforms[fields][6]\" required><\/div><div id=\"wpforms-634-field_7-container\" class=\"wpforms-field wpforms-field-number\" data-field-id=\"7\"><label class=\"wpforms-field-label\" for=\"wpforms-634-field_7\">T\u00e9l\u00e9phone fixe ou Mobile <span class=\"wpforms-required-label\">*<\/span><\/label><input type=\"number\" id=\"wpforms-634-field_7\" class=\"wpforms-field-medium wpforms-field-required\" name=\"wpforms[fields][7]\" step=\"any\" required><\/div><div id=\"wpforms-634-field_1-container\" class=\"wpforms-field wpforms-field-email\" data-field-id=\"1\"><label class=\"wpforms-field-label\" for=\"wpforms-634-field_1\">Email <span class=\"wpforms-required-label\">*<\/span><\/label><input type=\"email\" id=\"wpforms-634-field_1\" class=\"wpforms-field-medium wpforms-field-required\" name=\"wpforms[fields][1]\" spellcheck=\"false\" required><\/div><div id=\"wpforms-634-field_9-container\" class=\"wpforms-field wpforms-field-checkbox\" data-field-id=\"9\"><label class=\"wpforms-field-label\">Combien de verres ? <span class=\"wpforms-required-label\">*<\/span><\/label><ul id=\"wpforms-634-field_9\" class=\"wpforms-field-required\"><li class=\"choice-1 depth-1 wpforms-selected\"><input type=\"checkbox\" id=\"wpforms-634-field_9_1\" name=\"wpforms[fields][9][]\" value=\"1 verre \u00e0 10.\u2013\" required  checked='checked'><label class=\"wpforms-field-label-inline\" for=\"wpforms-634-field_9_1\">1 verre \u00e0 10.\u2013<\/label><\/li><li class=\"choice-3 depth-1\"><input type=\"checkbox\" id=\"wpforms-634-field_9_3\" name=\"wpforms[fields][9][]\" value=\"2 verres pour 20.\u2013\" required ><label class=\"wpforms-field-label-inline\" for=\"wpforms-634-field_9_3\">2 verres pour 20.\u2013<\/label><\/li><li class=\"choice-4 depth-1\"><input type=\"checkbox\" id=\"wpforms-634-field_9_4\" name=\"wpforms[fields][9][]\" value=\"1 carton de 6 verres \u00e0 50.\u2013\" required ><label class=\"wpforms-field-label-inline\" for=\"wpforms-634-field_9_4\">1 carton de 6 verres \u00e0 50.\u2013<\/label><\/li><li class=\"choice-5 depth-1\"><input type=\"checkbox\" id=\"wpforms-634-field_9_5\" name=\"wpforms[fields][9][]\" value=\"2 cartons de 6 verres pour 100.\u2013\" required ><label class=\"wpforms-field-label-inline\" for=\"wpforms-634-field_9_5\">2 cartons de 6 verres pour 100.\u2013<\/label><\/li><li class=\"choice-6 depth-1\"><input type=\"checkbox\" id=\"wpforms-634-field_9_6\" name=\"wpforms[fields][9][]\" value=\"Commande sp\u00e9ciale de xx verres (indiquer dans votre MESSAGE)\" required ><label class=\"wpforms-field-label-inline\" for=\"wpforms-634-field_9_6\">Commande sp\u00e9ciale de xx verres (indiquer dans votre MESSAGE)<\/label><\/li><li class=\"choice-7 depth-1\"><input type=\"checkbox\" id=\"wpforms-634-field_9_7\" name=\"wpforms[fields][9][]\" value=\"Je viendrai chercher mes verres lors de la prochaine manifestation au four\" required ><label class=\"wpforms-field-label-inline\" for=\"wpforms-634-field_9_7\">Je viendrai chercher mes verres lors de la prochaine manifestation au four<\/label><\/li><li class=\"choice-8 depth-1\"><input type=\"checkbox\" id=\"wpforms-634-field_9_8\" name=\"wpforms[fields][9][]\" value=\"Je viendrai chercher moi-m\u00eame mes verres. Merci de me contacter selon mes coordonn\u00e9es du formulaire\" required ><label class=\"wpforms-field-label-inline\" for=\"wpforms-634-field_9_8\">Je viendrai chercher moi-m\u00eame mes verres. Merci de me contacter selon mes coordonn\u00e9es du formulaire<\/label><\/li><\/ul><\/div><div id=\"wpforms-634-field_11-container\" class=\"wpforms-field wpforms-field-checkbox\" data-field-id=\"11\"><label class=\"wpforms-field-label\">Vous d\u00e9sirez devenir membre ou faire un don ?<\/label><ul id=\"wpforms-634-field_11\"><li class=\"choice-1 depth-1 wpforms-selected\"><input type=\"checkbox\" id=\"wpforms-634-field_11_1\" name=\"wpforms[fields][11][]\" value=\"Je d\u00e9sire \u00eatre membre de l&#039;Association pour une cotisation annuelle de Fr. 30.\u2013 \"   checked='checked'><label class=\"wpforms-field-label-inline\" for=\"wpforms-634-field_11_1\">Je d\u00e9sire \u00eatre membre de l&rsquo;Association pour une cotisation annuelle de Fr. 30.\u2013<\/label><\/li><li class=\"choice-2 depth-1\"><input type=\"checkbox\" id=\"wpforms-634-field_11_2\" name=\"wpforms[fields][11][]\" value=\"Je d\u00e9sire faire un don \u00e0 l&#039;Association pour contribuer \u00e0 son bon fonctionnement\"  ><label class=\"wpforms-field-label-inline\" for=\"wpforms-634-field_11_2\">Je d\u00e9sire faire un don \u00e0 l&rsquo;Association pour contribuer \u00e0 son bon fonctionnement<\/label><\/li><li class=\"choice-3 depth-1\"><input type=\"checkbox\" id=\"wpforms-634-field_11_3\" name=\"wpforms[fields][11][]\" value=\"Je d\u00e9sire recevoir des informations r\u00e9guli\u00e8res par E-mail \/ Newsletter \"  ><label class=\"wpforms-field-label-inline\" for=\"wpforms-634-field_11_3\">Je d\u00e9sire recevoir des informations r\u00e9guli\u00e8res par E-mail \/ Newsletter<\/label><\/li><li class=\"choice-4 depth-1\"><input type=\"checkbox\" id=\"wpforms-634-field_11_4\" name=\"wpforms[fields][11][]\" value=\"Je d\u00e9sire recevoir des informations r\u00e9guli\u00e8res par Facebook \"  ><label class=\"wpforms-field-label-inline\" for=\"wpforms-634-field_11_4\">Je d\u00e9sire recevoir des informations r\u00e9guli\u00e8res par Facebook<\/label><\/li><li class=\"choice-5 depth-1\"><input type=\"checkbox\" id=\"wpforms-634-field_11_5\" name=\"wpforms[fields][11][]\" value=\" Je ne d\u00e9sire pas recevoir des informations r\u00e9guli\u00e8res par E-mail \/ Newsletter \/ Facebook \"  ><label class=\"wpforms-field-label-inline\" for=\"wpforms-634-field_11_5\">Je ne d\u00e9sire pas recevoir des informations r\u00e9guli\u00e8res par E-mail \/ Newsletter \/ Facebook<\/label><\/li><\/ul><\/div><div id=\"wpforms-634-field_10-container\" class=\"wpforms-field wpforms-field-checkbox\" data-field-id=\"10\"><label class=\"wpforms-field-label\">Quel moyen de paiement d\u00e9sirez vous utiliser ? <span class=\"wpforms-required-label\">*<\/span><\/label><ul id=\"wpforms-634-field_10\" class=\"wpforms-field-required\"><li class=\"choice-1 depth-1\"><input type=\"checkbox\" id=\"wpforms-634-field_10_1\" name=\"wpforms[fields][10][]\" value=\"Je souhaite payer par IBAN\" required ><label class=\"wpforms-field-label-inline\" for=\"wpforms-634-field_10_1\">Je souhaite payer par IBAN<\/label><\/li><li class=\"choice-2 depth-1\"><input type=\"checkbox\" id=\"wpforms-634-field_10_2\" name=\"wpforms[fields][10][]\" value=\"Je souhaite payer sur place lors de la prochaine manifestation\" required ><label class=\"wpforms-field-label-inline\" for=\"wpforms-634-field_10_2\">Je souhaite payer sur place lors de la prochaine manifestation<\/label><\/li><\/ul><\/div><div id=\"wpforms-634-field_2-container\" class=\"wpforms-field wpforms-field-textarea\" data-field-id=\"2\"><label class=\"wpforms-field-label\" for=\"wpforms-634-field_2\">Votre message<\/label><textarea id=\"wpforms-634-field_2\" class=\"wpforms-field-medium\" name=\"wpforms[fields][2]\" ><\/textarea><\/div><div id=\"wpforms-634-field_12-container\" class=\"wpforms-field wpforms-field-email\" data-field-id=\"12\"><label class=\"wpforms-field-label\" for=\"wpforms-634-field_12\">E-mail <span class=\"wpforms-required-label\">*<\/span><\/label><input type=\"email\" id=\"wpforms-634-field_12\" class=\"wpforms-field-medium wpforms-field-required\" name=\"wpforms[fields][12]\" spellcheck=\"false\" required><\/div><\/div><!-- .wpforms-field-container --><div class=\"wpforms-recaptcha-container wpforms-is-recaptcha wpforms-is-recaptcha-type-invisible\" ><div class=\"g-recaptcha\" data-sitekey=\"6LdRc4QqAAAAALbpwApeaowbpAqVBIapPXmnN_z1\" data-size=\"invisible\"><\/div><\/div><div class=\"wpforms-submit-container\" ><input type=\"hidden\" name=\"wpforms[id]\" value=\"634\"><input type=\"hidden\" name=\"page_title\" value=\"\"><input type=\"hidden\" name=\"page_url\" value=\"https:\/\/www.properaz.ch\/four-a-pain\/wp-json\/wp\/v2\/pages\/642\"><input type=\"hidden\" name=\"url_referer\" value=\"\"><button type=\"submit\" name=\"wpforms[submit]\" id=\"wpforms-submit-634\" class=\"wpforms-submit\" data-alt-text=\"En route...\" data-submit-text=\"Envoyer\" aria-live=\"assertive\" value=\"wpforms-submit\">Envoyer<\/button><img loading=\"lazy\" decoding=\"async\" src=\"https:\/\/www.properaz.ch\/four-a-pain\/wp-content\/plugins\/wpforms-lite\/assets\/images\/submit-spin.svg\" class=\"wpforms-submit-spinner\" style=\"display: none;\" width=\"26\" height=\"26\" alt=\"Chargement en cours\"><\/div><\/form><\/div>  <!-- .wpforms-container -->","protected":false},"excerpt":{"rendered":"<p>Id\u00e9al autant pour le vin blanc que le vin rouge PRIX des verres \u00e0 vin Remplissez le formulaire ci-dessous pour passer votre commande<\/p>\n","protected":false},"author":1,"featured_media":209,"parent":358,"menu_order":0,"comment_status":"closed","ping_status":"closed","template":"","meta":{"footnotes":""},"class_list":["post-642","page","type-page","status-publish","has-post-thumbnail","hentry"],"_links":{"self":[{"href":"https:\/\/www.properaz.ch\/four-a-pain\/wp-json\/wp\/v2\/pages\/642","targetHints":{"allow":["GET"]}}],"collection":[{"href":"https:\/\/www.properaz.ch\/four-a-pain\/wp-json\/wp\/v2\/pages"}],"about":[{"href":"https:\/\/www.properaz.ch\/four-a-pain\/wp-json\/wp\/v2\/types\/page"}],"author":[{"embeddable":true,"href":"https:\/\/www.properaz.ch\/four-a-pain\/wp-json\/wp\/v2\/users\/1"}],"replies":[{"embeddable":true,"href":"https:\/\/www.properaz.ch\/four-a-pain\/wp-json\/wp\/v2\/comments?post=642"}],"version-history":[{"count":2,"href":"https:\/\/www.properaz.ch\/four-a-pain\/wp-json\/wp\/v2\/pages\/642\/revisions"}],"predecessor-version":[{"id":647,"href":"https:\/\/www.properaz.ch\/four-a-pain\/wp-json\/wp\/v2\/pages\/642\/revisions\/647"}],"up":[{"embeddable":true,"href":"https:\/\/www.properaz.ch\/four-a-pain\/wp-json\/wp\/v2\/pages\/358"}],"wp:featuredmedia":[{"embeddable":true,"href":"https:\/\/www.properaz.ch\/four-a-pain\/wp-json\/wp\/v2\/media\/209"}],"wp:attachment":[{"href":"https:\/\/www.properaz.ch\/four-a-pain\/wp-json\/wp\/v2\/media?parent=642"}],"curies":[{"name":"wp","href":"https:\/\/api.w.org\/{rel}","templated":true}]}}