{"id":6,"date":"2022-01-05T12:54:12","date_gmt":"2022-01-05T12:54:12","guid":{"rendered":"https:\/\/www.properaz.ch\/four-a-pain\/?page_id=6"},"modified":"2025-03-17T08:03:16","modified_gmt":"2025-03-17T08:03:16","slug":"accueil","status":"publish","type":"page","link":"https:\/\/www.properaz.ch\/four-a-pain\/","title":{"rendered":"Bienvenue sur le site du <span class=\"bold\">four \u00e0 pain <\/span> de Prop\u00e9raz"},"content":{"rendered":"\n<h2 class=\"wp-block-heading\">Le <strong>four banal<\/strong>, toute une histoire&#8230;<\/h2>\n\n\n\n<p>D\u2019\u00e9pais murs de pierre, une petite porte de bois, un toit en bardeau surmont\u00e9 d\u2019une chemin\u00e9e: <strong>le petit \u00e9difice qui se dresse sur la place de Prop\u00e9raz, \u00e0 Troistorrents<\/strong>, constitue un pr\u00e9cieux vestige d\u2019une \u00e9poque o\u00f9 plusieurs quartiers du village \u2013 comme ailleurs en Valais \u2013 avaient leur propre four \u00e0 pain. Jusqu&rsquo;en 2014, son \u00e9tat de d\u00e9labrement ne permettait plus de l\u2019utiliser. C\u2019est pour sauvegarder ce <strong>patrimoine historique<\/strong> qu\u2019une association est n\u00e9e, sous l\u2019impulsion d\u2019habitants de Prop\u00e9raz. L\u2019enjeu \u00e9tait de taille, mais la motivation de ce groupe de b\u00e9n\u00e9voles a permi de r\u00e9nover et de de redonner \u00e0 ce four le r\u00f4le de ciment social qui fut le sien autrefois.<\/p>\n\n\n\n<p>Aujourd\u2019hui, <strong>des fourn\u00e9es sont r\u00e9alis\u00e9es plusieurs fois par an<\/strong> (<a href=\"https:\/\/www.properaz.ch\/four-a-pain\/le-four\/calendrier-du-four-banal\/\" data-type=\"page\" data-id=\"390\">CALENDRIER<\/a>), l\u2019objectif \u00e9tant d\u2019en faire profiter tous les habitants de Troistorrents, voire au-del\u00e0.<\/p>\n\n\n\n<p>Vous trouverez sur ce site de quoi en savoir plus sur cette aventure. Bonne visite !<\/p>\n\n\n\n<figure class=\"wp-block-image size-full imgBorder imgPageGrand\"><img loading=\"lazy\" decoding=\"async\" width=\"842\" height=\"561\" src=\"https:\/\/www.properaz.ch\/four-a-pain\/wp-content\/uploads\/2022\/01\/2015_four_final_12_2.jpg\" alt=\"\" class=\"wp-image-186\" srcset=\"https:\/\/www.properaz.ch\/four-a-pain\/wp-content\/uploads\/2022\/01\/2015_four_final_12_2.jpg 842w, https:\/\/www.properaz.ch\/four-a-pain\/wp-content\/uploads\/2022\/01\/2015_four_final_12_2-300x200.jpg 300w, https:\/\/www.properaz.ch\/four-a-pain\/wp-content\/uploads\/2022\/01\/2015_four_final_12_2-768x512.jpg 768w\" sizes=\"auto, (max-width: 842px) 100vw, 842px\" \/><figcaption class=\"wp-element-caption\">R\u00e9sultat du travail accompli gr\u00e2ce aux b\u00e9n\u00e9voles et sponsors<\/figcaption><\/figure>\n\n\n\n<hr class=\"wp-block-separator has-css-opacity\"\/>\n\n\n\n<h3 class=\"wp-block-heading h3-vertSection\">Un patrimoine s\u00e9culaire qui \u00e9tait en p\u00e9ril<\/h3>\n\n\n\n<p>En raison du manque de traces \u00e9crites, il est difficile de retracer avec pr\u00e9cision l\u2019<strong>histoire du four banal de Prop\u00e9raz.<\/strong> On sait n\u00e9anmoins qu\u2019il a \u00e9t\u00e9 construit en 1663 et r\u00e9nov\u00e9 en 1842. On y fabriquait du pain en utilisant les farines locales. <\/p>\n\n\n\n<p>Le four a \u00e9t\u00e9 r\u00e9guli\u00e8rement utilis\u00e9 jusqu\u2019au milieu du XXe si\u00e8cle par les cinq familles qui en \u00e9taient propri\u00e9taires: Tagan H\u00e9l\u00e8ne (Aubert Antoine), Lange Victorien, Marclay Jean, Martenet J\u00e9r\u00e9mie, Tagan Cl\u00e9ment. Depuis cette \u00e9poque, ses murs de pierre et son toit en bardeaux se sont peu \u00e0 peu d\u00e9t\u00e9rior\u00e9s. A la fin des ann\u00e9es 1980, les habitants du quartier l\u2019ont fait revivre en y fabriquant du pain. <\/p>\n\n\n\n<p>Cependant, l\u2019\u00e9tat de d\u00e9labrement du petit \u00e9difice a fini par avoir raison de ces efforts. Les r\u00e9parations de fortune entreprises par ces m\u00eames villageois n\u2019ont permis que d\u2019\u00e9viter un effondrement total. <\/p>\n\n\n\n<p>Aujourd\u2019hui, une op\u00e9ration de sauvetage s\u2019av\u00e8re indispensable. Le comit\u00e9 de l\u2019association accueillerait avec joie toute information ou anecdote susceptible d\u2019enrichir ce bref historique. N\u2019h\u00e9sitez pas \u00e0 prendre contact avec nous.<\/p>\n\n\n\n<p>Les b\u00e9n\u00e9voles r\u00e9unis pour mener \u00e0 bien cette noble mission ont d\u00fb faire preuve de toute la patience d\u2019un apprenti-boulanger. Le four \u00e9tant propri\u00e9t\u00e9 de cinq leurs parts. C\u2019est chose faite, devant notaire, depuis juin 2012. <\/p>\n\n\n\n<p>L\u2019association a enfin pu d\u00e9marrer ses activit\u00e9s. Avec, en premier lieu, la constitution d\u2019un dossier solide pour la recherche de fonds. La suite, que nous esp\u00e9rons fructueuse, d\u00e9pend de la r\u00e9ussite de cette \u00e9tape.<\/p>\n\n\n\n<p>Les personnes int\u00e9r\u00e9ss\u00e9es par l&rsquo;<strong>Association pour la Sauvegarde du Four \u00e0 pain de Prop\u00e9raz<\/strong> peuvent \u00eatre contact\u00e9es par notre page <a href=\"https:\/\/www.properaz.ch\/four-a-pain\/contact\/\" data-type=\"page\" data-id=\"9\">CONTACT <\/a>ou nous vous ferons un plaisir de r\u00e9pondre.<\/p>\n","protected":false},"excerpt":{"rendered":"<p>Le four banal, toute une histoire&#8230; D\u2019\u00e9pais murs de pierre, une petite porte de bois, un toit en bardeau surmont\u00e9 d\u2019une chemin\u00e9e: le petit \u00e9difice qui se dresse sur la place de Prop\u00e9raz, \u00e0 Troistorrents, constitue un pr\u00e9cieux vestige d\u2019une \u00e9poque o\u00f9 plusieurs quartiers du village \u2013 comme ailleurs en Valais \u2013 avaient leur propre [&hellip;]<\/p>\n","protected":false},"author":1,"featured_media":209,"parent":0,"menu_order":0,"comment_status":"closed","ping_status":"closed","template":"","meta":{"footnotes":""},"class_list":["post-6","page","type-page","status-publish","has-post-thumbnail","hentry"],"_links":{"self":[{"href":"https:\/\/www.properaz.ch\/four-a-pain\/wp-json\/wp\/v2\/pages\/6","targetHints":{"allow":["GET"]}}],"collection":[{"href":"https:\/\/www.properaz.ch\/four-a-pain\/wp-json\/wp\/v2\/pages"}],"about":[{"href":"https:\/\/www.properaz.ch\/four-a-pain\/wp-json\/wp\/v2\/types\/page"}],"author":[{"embeddable":true,"href":"https:\/\/www.properaz.ch\/four-a-pain\/wp-json\/wp\/v2\/users\/1"}],"replies":[{"embeddable":true,"href":"https:\/\/www.properaz.ch\/four-a-pain\/wp-json\/wp\/v2\/comments?post=6"}],"version-history":[{"count":17,"href":"https:\/\/www.properaz.ch\/four-a-pain\/wp-json\/wp\/v2\/pages\/6\/revisions"}],"predecessor-version":[{"id":849,"href":"https:\/\/www.properaz.ch\/four-a-pain\/wp-json\/wp\/v2\/pages\/6\/revisions\/849"}],"wp:featuredmedia":[{"embeddable":true,"href":"https:\/\/www.properaz.ch\/four-a-pain\/wp-json\/wp\/v2\/media\/209"}],"wp:attachment":[{"href":"https:\/\/www.properaz.ch\/four-a-pain\/wp-json\/wp\/v2\/media?parent=6"}],"curies":[{"name":"wp","href":"https:\/\/api.w.org\/{rel}","templated":true}]}}