{"id":596,"date":"2024-11-02T08:02:56","date_gmt":"2024-11-02T08:02:56","guid":{"rendered":"https:\/\/www.properaz.ch\/four-a-pain\/?page_id=596"},"modified":"2024-11-02T08:03:55","modified_gmt":"2024-11-02T08:03:55","slug":"le-pain-multicereales","status":"publish","type":"page","link":"https:\/\/www.properaz.ch\/four-a-pain\/le-pain\/le-pain-multicereales\/","title":{"rendered":"Le pain multic\u00e9r\u00e9ales"},"content":{"rendered":"\n<p>Le pain aux c\u00e9r\u00e9ales allie la richesse nutritive de nos c\u00e9r\u00e9ales traditionnelles (froment, \u00e9pautre, millet, avoine) au go\u00fbt caract\u00e9ristique de plusieurs graines (lin, s\u00e9same, tournesol).<\/p>\n\n\n\n<h3 class=\"wp-block-heading\">Recette<\/h3>\n\n\n\n<ul class=\"wp-block-list\">\n<li>Farine multic\u00e9r\u00e9ales \u00a0\/ Sel \/ Sucre \/ Levure \/ Eau<\/li>\n\n\n\n<li>Une pointe de cr\u00e9ativit\u00e9 et beaucoup de savoir-faire de notre boulanger Michel&#8230;<\/li>\n<\/ul>\n\n\n\n<figure class=\"wp-block-gallery has-nested-images columns-default is-cropped wp-block-gallery-2 is-layout-flex wp-block-gallery-is-layout-flex\">\n<figure class=\"wp-block-image size-large\"><img loading=\"lazy\" decoding=\"async\" width=\"577\" height=\"433\" data-id=\"597\" src=\"https:\/\/www.properaz.ch\/four-a-pain\/wp-content\/uploads\/2024\/11\/2016_apprent_40_3.jpg\" alt=\"\" class=\"wp-image-597\" srcset=\"https:\/\/www.properaz.ch\/four-a-pain\/wp-content\/uploads\/2024\/11\/2016_apprent_40_3.jpg 577w, https:\/\/www.properaz.ch\/four-a-pain\/wp-content\/uploads\/2024\/11\/2016_apprent_40_3-300x225.jpg 300w\" sizes=\"auto, (max-width: 577px) 100vw, 577px\" \/><\/figure>\n\n\n\n<figure class=\"wp-block-image size-large\"><img loading=\"lazy\" decoding=\"async\" width=\"577\" height=\"433\" data-id=\"598\" src=\"https:\/\/www.properaz.ch\/four-a-pain\/wp-content\/uploads\/2024\/11\/2016_apprent_60_3.jpg\" alt=\"\" class=\"wp-image-598\" srcset=\"https:\/\/www.properaz.ch\/four-a-pain\/wp-content\/uploads\/2024\/11\/2016_apprent_60_3.jpg 577w, https:\/\/www.properaz.ch\/four-a-pain\/wp-content\/uploads\/2024\/11\/2016_apprent_60_3-300x225.jpg 300w\" sizes=\"auto, (max-width: 577px) 100vw, 577px\" \/><\/figure>\n\n\n\n<figure class=\"wp-block-image size-large\"><img loading=\"lazy\" decoding=\"async\" width=\"566\" height=\"389\" data-id=\"599\" src=\"https:\/\/www.properaz.ch\/four-a-pain\/wp-content\/uploads\/2024\/11\/2016_apprent_78_2.jpg\" alt=\"\" class=\"wp-image-599\" srcset=\"https:\/\/www.properaz.ch\/four-a-pain\/wp-content\/uploads\/2024\/11\/2016_apprent_78_2.jpg 566w, https:\/\/www.properaz.ch\/four-a-pain\/wp-content\/uploads\/2024\/11\/2016_apprent_78_2-300x206.jpg 300w\" sizes=\"auto, (max-width: 566px) 100vw, 566px\" \/><\/figure>\n\n\n\n<figure class=\"wp-block-image size-large\"><img loading=\"lazy\" decoding=\"async\" width=\"577\" height=\"433\" data-id=\"600\" src=\"https:\/\/www.properaz.ch\/four-a-pain\/wp-content\/uploads\/2024\/11\/2016_apprent_83_3.jpg\" alt=\"\" class=\"wp-image-600\" srcset=\"https:\/\/www.properaz.ch\/four-a-pain\/wp-content\/uploads\/2024\/11\/2016_apprent_83_3.jpg 577w, https:\/\/www.properaz.ch\/four-a-pain\/wp-content\/uploads\/2024\/11\/2016_apprent_83_3-300x225.jpg 300w\" sizes=\"auto, (max-width: 577px) 100vw, 577px\" \/><\/figure>\n\n\n\n<figure class=\"wp-block-image size-large\"><img loading=\"lazy\" decoding=\"async\" width=\"577\" height=\"433\" data-id=\"601\" src=\"https:\/\/www.properaz.ch\/four-a-pain\/wp-content\/uploads\/2024\/11\/2016_apprent_87_3.jpg\" alt=\"\" class=\"wp-image-601\" srcset=\"https:\/\/www.properaz.ch\/four-a-pain\/wp-content\/uploads\/2024\/11\/2016_apprent_87_3.jpg 577w, https:\/\/www.properaz.ch\/four-a-pain\/wp-content\/uploads\/2024\/11\/2016_apprent_87_3-300x225.jpg 300w\" sizes=\"auto, (max-width: 577px) 100vw, 577px\" \/><\/figure>\n\n\n\n<figure class=\"wp-block-image size-large\"><img loading=\"lazy\" decoding=\"async\" width=\"347\" height=\"231\" data-id=\"603\" src=\"https:\/\/www.properaz.ch\/four-a-pain\/wp-content\/uploads\/2024\/11\/2015_livret_berthoud_6_4.jpg\" alt=\"\" class=\"wp-image-603\" srcset=\"https:\/\/www.properaz.ch\/four-a-pain\/wp-content\/uploads\/2024\/11\/2015_livret_berthoud_6_4.jpg 347w, https:\/\/www.properaz.ch\/four-a-pain\/wp-content\/uploads\/2024\/11\/2015_livret_berthoud_6_4-300x200.jpg 300w\" sizes=\"auto, (max-width: 347px) 100vw, 347px\" \/><\/figure>\n\n\n\n<figure class=\"wp-block-image size-large\"><img loading=\"lazy\" decoding=\"async\" width=\"577\" height=\"433\" data-id=\"604\" src=\"https:\/\/www.properaz.ch\/four-a-pain\/wp-content\/uploads\/2024\/11\/2016_apprent_13_3.jpg\" alt=\"\" class=\"wp-image-604\" srcset=\"https:\/\/www.properaz.ch\/four-a-pain\/wp-content\/uploads\/2024\/11\/2016_apprent_13_3.jpg 577w, https:\/\/www.properaz.ch\/four-a-pain\/wp-content\/uploads\/2024\/11\/2016_apprent_13_3-300x225.jpg 300w\" sizes=\"auto, (max-width: 577px) 100vw, 577px\" \/><\/figure>\n\n\n\n<figure class=\"wp-block-image size-large\"><img loading=\"lazy\" decoding=\"async\" width=\"577\" height=\"433\" data-id=\"605\" src=\"https:\/\/www.properaz.ch\/four-a-pain\/wp-content\/uploads\/2024\/11\/2016_apprent_27_3.jpg\" alt=\"\" class=\"wp-image-605\" srcset=\"https:\/\/www.properaz.ch\/four-a-pain\/wp-content\/uploads\/2024\/11\/2016_apprent_27_3.jpg 577w, https:\/\/www.properaz.ch\/four-a-pain\/wp-content\/uploads\/2024\/11\/2016_apprent_27_3-300x225.jpg 300w\" sizes=\"auto, (max-width: 577px) 100vw, 577px\" \/><\/figure>\n\n\n\n<figure class=\"wp-block-image size-large\"><img loading=\"lazy\" decoding=\"async\" width=\"347\" height=\"231\" data-id=\"580\" src=\"https:\/\/www.properaz.ch\/four-a-pain\/wp-content\/uploads\/2024\/11\/2015_inaug_landolt_17_4.jpg\" alt=\"\" class=\"wp-image-580\" srcset=\"https:\/\/www.properaz.ch\/four-a-pain\/wp-content\/uploads\/2024\/11\/2015_inaug_landolt_17_4.jpg 347w, https:\/\/www.properaz.ch\/four-a-pain\/wp-content\/uploads\/2024\/11\/2015_inaug_landolt_17_4-300x200.jpg 300w\" sizes=\"auto, (max-width: 347px) 100vw, 347px\" \/><\/figure>\n<\/figure>\n","protected":false},"excerpt":{"rendered":"<p>Le pain aux c\u00e9r\u00e9ales allie la richesse nutritive de nos c\u00e9r\u00e9ales traditionnelles (froment, \u00e9pautre, millet, avoine) au go\u00fbt caract\u00e9ristique de plusieurs graines (lin, s\u00e9same, tournesol). Recette<\/p>\n","protected":false},"author":1,"featured_media":0,"parent":572,"menu_order":0,"comment_status":"closed","ping_status":"closed","template":"","meta":{"footnotes":""},"class_list":["post-596","page","type-page","status-publish","hentry"],"_links":{"self":[{"href":"https:\/\/www.properaz.ch\/four-a-pain\/wp-json\/wp\/v2\/pages\/596","targetHints":{"allow":["GET"]}}],"collection":[{"href":"https:\/\/www.properaz.ch\/four-a-pain\/wp-json\/wp\/v2\/pages"}],"about":[{"href":"https:\/\/www.properaz.ch\/four-a-pain\/wp-json\/wp\/v2\/types\/page"}],"author":[{"embeddable":true,"href":"https:\/\/www.properaz.ch\/four-a-pain\/wp-json\/wp\/v2\/users\/1"}],"replies":[{"embeddable":true,"href":"https:\/\/www.properaz.ch\/four-a-pain\/wp-json\/wp\/v2\/comments?post=596"}],"version-history":[{"count":1,"href":"https:\/\/www.properaz.ch\/four-a-pain\/wp-json\/wp\/v2\/pages\/596\/revisions"}],"predecessor-version":[{"id":606,"href":"https:\/\/www.properaz.ch\/four-a-pain\/wp-json\/wp\/v2\/pages\/596\/revisions\/606"}],"up":[{"embeddable":true,"href":"https:\/\/www.properaz.ch\/four-a-pain\/wp-json\/wp\/v2\/pages\/572"}],"wp:attachment":[{"href":"https:\/\/www.properaz.ch\/four-a-pain\/wp-json\/wp\/v2\/media?parent=596"}],"curies":[{"name":"wp","href":"https:\/\/api.w.org\/{rel}","templated":true}]}}