{"id":552,"date":"2024-05-29T05:36:34","date_gmt":"2024-05-29T05:36:34","guid":{"rendered":"https:\/\/www.properaz.ch\/four-a-pain\/?page_id=552"},"modified":"2024-11-02T09:13:20","modified_gmt":"2024-11-02T09:13:20","slug":"1980-a-nos-jours","status":"publish","type":"page","link":"https:\/\/www.properaz.ch\/four-a-pain\/le-four\/1980-a-nos-jours\/","title":{"rendered":"1980 \u00e0 nos jours"},"content":{"rendered":"\n<h2 class=\"wp-block-heading\">1980 \u00e0 nos jours<\/h2>\n\n\n\n<p>Vous avez peut-\u00eatre des <strong>vieilles photos du four \u00e0 pain de Prop\u00e9raz<\/strong> que vous voudriez partager sur le site ! Merci de nous <a href=\"https:\/\/www.properaz.ch\/four-a-pain\/contact\/\" data-type=\"page\" data-id=\"9\">contacter <\/a>nous nous ferons un plaisir de les mettre en ligne.<\/p>\n\n\n\n<p><\/p>\n\n\n\n<figure class=\"wp-block-gallery has-nested-images columns-default is-cropped wp-block-gallery-2 is-layout-flex wp-block-gallery-is-layout-flex\">\n<figure class=\"wp-block-image size-large\"><img loading=\"lazy\" decoding=\"async\" width=\"1024\" height=\"768\" data-id=\"556\" src=\"https:\/\/www.properaz.ch\/four-a-pain\/wp-content\/uploads\/2024\/05\/1980.06.00_05_1-1024x768.jpg\" alt=\"\" class=\"wp-image-556\" srcset=\"https:\/\/www.properaz.ch\/four-a-pain\/wp-content\/uploads\/2024\/05\/1980.06.00_05_1-1024x768.jpg 1024w, https:\/\/www.properaz.ch\/four-a-pain\/wp-content\/uploads\/2024\/05\/1980.06.00_05_1-300x225.jpg 300w, https:\/\/www.properaz.ch\/four-a-pain\/wp-content\/uploads\/2024\/05\/1980.06.00_05_1-768x576.jpg 768w, https:\/\/www.properaz.ch\/four-a-pain\/wp-content\/uploads\/2024\/05\/1980.06.00_05_1.jpg 1200w\" sizes=\"auto, (max-width: 1024px) 100vw, 1024px\" \/><\/figure>\n\n\n\n<figure class=\"wp-block-image size-large\"><img loading=\"lazy\" decoding=\"async\" width=\"842\" height=\"632\" data-id=\"557\" src=\"https:\/\/www.properaz.ch\/four-a-pain\/wp-content\/uploads\/2024\/05\/1980.06.00_05_2.jpg\" alt=\"\" class=\"wp-image-557\" srcset=\"https:\/\/www.properaz.ch\/four-a-pain\/wp-content\/uploads\/2024\/05\/1980.06.00_05_2.jpg 842w, https:\/\/www.properaz.ch\/four-a-pain\/wp-content\/uploads\/2024\/05\/1980.06.00_05_2-300x225.jpg 300w, https:\/\/www.properaz.ch\/four-a-pain\/wp-content\/uploads\/2024\/05\/1980.06.00_05_2-768x576.jpg 768w\" sizes=\"auto, (max-width: 842px) 100vw, 842px\" \/><\/figure>\n\n\n\n<figure class=\"wp-block-image size-large\"><img loading=\"lazy\" decoding=\"async\" width=\"347\" height=\"260\" data-id=\"558\" src=\"https:\/\/www.properaz.ch\/four-a-pain\/wp-content\/uploads\/2024\/05\/1980.06.00_05_4.jpg\" alt=\"\" class=\"wp-image-558\" srcset=\"https:\/\/www.properaz.ch\/four-a-pain\/wp-content\/uploads\/2024\/05\/1980.06.00_05_4.jpg 347w, https:\/\/www.properaz.ch\/four-a-pain\/wp-content\/uploads\/2024\/05\/1980.06.00_05_4-300x225.jpg 300w\" sizes=\"auto, (max-width: 347px) 100vw, 347px\" \/><\/figure>\n\n\n\n<figure class=\"wp-block-image size-large\"><img loading=\"lazy\" decoding=\"async\" width=\"347\" height=\"260\" data-id=\"559\" src=\"https:\/\/www.properaz.ch\/four-a-pain\/wp-content\/uploads\/2024\/05\/1980.06.00_05_4_hov.jpg\" alt=\"\" class=\"wp-image-559\" srcset=\"https:\/\/www.properaz.ch\/four-a-pain\/wp-content\/uploads\/2024\/05\/1980.06.00_05_4_hov.jpg 347w, https:\/\/www.properaz.ch\/four-a-pain\/wp-content\/uploads\/2024\/05\/1980.06.00_05_4_hov-300x225.jpg 300w\" sizes=\"auto, (max-width: 347px) 100vw, 347px\" \/><\/figure>\n\n\n\n<figure class=\"wp-block-image size-large\"><img loading=\"lazy\" decoding=\"async\" width=\"842\" height=\"573\" data-id=\"560\" src=\"https:\/\/www.properaz.ch\/four-a-pain\/wp-content\/uploads\/2024\/05\/1980.06.00_06_2.jpg\" alt=\"\" class=\"wp-image-560\" srcset=\"https:\/\/www.properaz.ch\/four-a-pain\/wp-content\/uploads\/2024\/05\/1980.06.00_06_2.jpg 842w, https:\/\/www.properaz.ch\/four-a-pain\/wp-content\/uploads\/2024\/05\/1980.06.00_06_2-300x204.jpg 300w, https:\/\/www.properaz.ch\/four-a-pain\/wp-content\/uploads\/2024\/05\/1980.06.00_06_2-768x523.jpg 768w\" sizes=\"auto, (max-width: 842px) 100vw, 842px\" \/><\/figure>\n\n\n\n<figure class=\"wp-block-image size-large\"><img loading=\"lazy\" decoding=\"async\" width=\"842\" height=\"548\" data-id=\"561\" src=\"https:\/\/www.properaz.ch\/four-a-pain\/wp-content\/uploads\/2024\/05\/1980.06.00_17_2.jpg\" alt=\"\" class=\"wp-image-561\" srcset=\"https:\/\/www.properaz.ch\/four-a-pain\/wp-content\/uploads\/2024\/05\/1980.06.00_17_2.jpg 842w, https:\/\/www.properaz.ch\/four-a-pain\/wp-content\/uploads\/2024\/05\/1980.06.00_17_2-300x195.jpg 300w, https:\/\/www.properaz.ch\/four-a-pain\/wp-content\/uploads\/2024\/05\/1980.06.00_17_2-768x500.jpg 768w\" sizes=\"auto, (max-width: 842px) 100vw, 842px\" \/><\/figure>\n\n\n\n<figure class=\"wp-block-image size-large\"><img loading=\"lazy\" decoding=\"async\" width=\"842\" height=\"568\" data-id=\"562\" src=\"https:\/\/www.properaz.ch\/four-a-pain\/wp-content\/uploads\/2024\/05\/1980.06.00_02_2.jpg\" alt=\"\" class=\"wp-image-562\" srcset=\"https:\/\/www.properaz.ch\/four-a-pain\/wp-content\/uploads\/2024\/05\/1980.06.00_02_2.jpg 842w, https:\/\/www.properaz.ch\/four-a-pain\/wp-content\/uploads\/2024\/05\/1980.06.00_02_2-300x202.jpg 300w, https:\/\/www.properaz.ch\/four-a-pain\/wp-content\/uploads\/2024\/05\/1980.06.00_02_2-768x518.jpg 768w\" sizes=\"auto, (max-width: 842px) 100vw, 842px\" \/><\/figure>\n\n\n\n<figure class=\"wp-block-image size-large\"><img loading=\"lazy\" decoding=\"async\" width=\"842\" height=\"581\" data-id=\"563\" src=\"https:\/\/www.properaz.ch\/four-a-pain\/wp-content\/uploads\/2024\/05\/1980.06.00_04_2.jpg\" alt=\"\" class=\"wp-image-563\" srcset=\"https:\/\/www.properaz.ch\/four-a-pain\/wp-content\/uploads\/2024\/05\/1980.06.00_04_2.jpg 842w, https:\/\/www.properaz.ch\/four-a-pain\/wp-content\/uploads\/2024\/05\/1980.06.00_04_2-300x207.jpg 300w, https:\/\/www.properaz.ch\/four-a-pain\/wp-content\/uploads\/2024\/05\/1980.06.00_04_2-768x530.jpg 768w\" sizes=\"auto, (max-width: 842px) 100vw, 842px\" \/><\/figure>\n<\/figure>\n","protected":false},"excerpt":{"rendered":"<p>1980 \u00e0 nos jours Vous avez peut-\u00eatre des vieilles photos du four \u00e0 pain de Prop\u00e9raz que vous voudriez partager sur le site ! Merci de nous contacter nous nous ferons un plaisir de les mettre en ligne.<\/p>\n","protected":false},"author":1,"featured_media":0,"parent":649,"menu_order":0,"comment_status":"closed","ping_status":"closed","template":"","meta":{"footnotes":""},"class_list":["post-552","page","type-page","status-publish","hentry"],"_links":{"self":[{"href":"https:\/\/www.properaz.ch\/four-a-pain\/wp-json\/wp\/v2\/pages\/552","targetHints":{"allow":["GET"]}}],"collection":[{"href":"https:\/\/www.properaz.ch\/four-a-pain\/wp-json\/wp\/v2\/pages"}],"about":[{"href":"https:\/\/www.properaz.ch\/four-a-pain\/wp-json\/wp\/v2\/types\/page"}],"author":[{"embeddable":true,"href":"https:\/\/www.properaz.ch\/four-a-pain\/wp-json\/wp\/v2\/users\/1"}],"replies":[{"embeddable":true,"href":"https:\/\/www.properaz.ch\/four-a-pain\/wp-json\/wp\/v2\/comments?post=552"}],"version-history":[{"count":3,"href":"https:\/\/www.properaz.ch\/four-a-pain\/wp-json\/wp\/v2\/pages\/552\/revisions"}],"predecessor-version":[{"id":570,"href":"https:\/\/www.properaz.ch\/four-a-pain\/wp-json\/wp\/v2\/pages\/552\/revisions\/570"}],"up":[{"embeddable":true,"href":"https:\/\/www.properaz.ch\/four-a-pain\/wp-json\/wp\/v2\/pages\/649"}],"wp:attachment":[{"href":"https:\/\/www.properaz.ch\/four-a-pain\/wp-json\/wp\/v2\/media?parent=552"}],"curies":[{"name":"wp","href":"https:\/\/api.w.org\/{rel}","templated":true}]}}