{"id":390,"date":"2022-02-26T09:24:48","date_gmt":"2022-02-26T09:24:48","guid":{"rendered":"https:\/\/www.properaz.ch\/four-a-pain\/?page_id=390"},"modified":"2026-04-07T08:51:15","modified_gmt":"2026-04-07T08:51:15","slug":"calendrier-du-four-banal","status":"publish","type":"page","link":"https:\/\/www.properaz.ch\/four-a-pain\/le-four\/calendrier-du-four-banal\/","title":{"rendered":"<span class=\"bold\">Le calendrier <\/span> du four banal"},"content":{"rendered":"\n<h2 class=\"wp-block-heading\"><strong>Fourn\u00e9es et manifestations au four banal<\/strong><\/h2>\n\n\n\n<p>Vente des produits des fourn\u00e9es selon le nombre \u00e0 disposition.<br>Notre four ne pouvant produire que de petites quantit\u00e9s de pain, nous ne pouvons pas prendre en compte la r\u00e9servation de pains.<br>Un petit stand sera install\u00e9 pour boire en verre, le temps de la vente. <\/p>\n\n\n\n<p>Au plaisir de votre visite.<\/p>\n\n\n\n<h2 class=\"wp-block-heading has-vivid-red-color has-text-color has-link-color wp-elements-a9a648287c5f68f2e16665fb03daa9b9\">Prochaines activit\u00e9s :<\/h2>\n\n\n\n<h3 class=\"wp-block-heading has-medium-font-size\">Samedi 25 avril 2026, d\u00e8s 11 heures<\/h3>\n\n\n\n<p>Vente de pains et ap\u00e9ro.<br>Fourn\u00e9es selon la disposition des boulangers<\/p>\n\n\n\n<h3 class=\"wp-block-heading has-medium-font-size\">Samedi 20 juin 2026, d\u00e8s 11 heures<\/h3>\n\n\n\n<p>Vente de pains et ap\u00e9ro.<br>Fourn\u00e9es selon la disposition des boulangers<\/p>\n\n\n\n<h3 class=\"wp-block-heading has-medium-font-size\">Samedi 10 octobre 2026, d\u00e8s 11 heures<\/h3>\n\n\n\n<p>Vente de pains et ap\u00e9ro.<br>Fourn\u00e9es selon la disposition des boulangers<\/p>\n\n\n\n<h3 class=\"wp-block-heading has-medium-font-size\">Samedi 12 d\u00e9cembre 2026, d\u00e8s 11 heures<\/h3>\n\n\n\n<p>Vente de pains et ap\u00e9ro.<br>Fourn\u00e9es selon la disposition des boulangers<br>D\u00e8s 11 h 00&nbsp;: &nbsp;vin chaud et soupe \u00e0 la courge offerts \/ vente de pains<\/p>\n\n\n\n<p>_________________________________________________<\/p>\n\n\n\n<p class=\"has-vivid-green-cyan-color has-text-color has-link-color has-medium-font-size wp-elements-4be6884b2dc6dfdf61a3df4485fea1ab\"><em><strong>Activit\u00e9s pass\u00e9es :<\/strong><\/em><\/p>\n\n\n\n<p class=\"has-medium-font-size\"><strong>Vendredi 27 mars 2026, 19h<\/strong><\/p>\n\n\n\n<p>Assembl\u00e9e g\u00e9n\u00e9rale (15\u00e8me assembl\u00e9e) r\u00e9serv\u00e9e aux membres cotisants de l&rsquo;Association.<br>19 h \u00e0 la Salle de la Cour <\/p>\n\n\n\n<h3 class=\"wp-block-heading has-medium-font-size\">Samedi 13 d\u00e9cembre 2025, d\u00e8s 11h.<\/h3>\n\n\n\n<p>Vente de pains et ap\u00e9ro.<br>Fourn\u00e9es selon la disposition des boulangers<br>D\u00e8s 11 h 00&nbsp;: &nbsp;vente de pains, l&rsquo;association se fera un plaisir de vous offrir du vin chaud et de la soupe \u00e0 la courge.<\/p>\n\n\n\n<h3 class=\"wp-block-heading\">Samedi 04 octobre 2025 d\u00e8s 11 heures<\/h3>\n\n\n\n<p>Vente de pains et ap\u00e9ro.<br>Fourn\u00e9es selon la disposition des boulangers<\/p>\n\n\n\n<h3 class=\"wp-block-heading\">Samedi 24 mai 2025, d\u00e8s 11h<\/h3>\n\n\n\n<p>F\u00eate des 10 ans de la r\u00e9novation du Four<br>Vente de pains-cuchaules \/ Visite du Four \/ Ambiance musicale \/ Tombola<br>Stands&nbsp;: &nbsp;Raclettes \/ Burgers \/ Tha\u00ef \/ Dessert<\/p>\n\n\n\n<h3 class=\"wp-block-heading\">Vendredi 25 avril 2025, 19h<\/h3>\n\n\n\n<p>Assembl\u00e9e g\u00e9n\u00e9rale(14<sup>e<\/sup>)<br>19 h \u00e0 la Salle de la Cour<br>Raclette apr\u00e8s l\u2019assembl\u00e9e<\/p>\n\n\n\n<h3 class=\"wp-block-heading\">Samedi 12 avril 2025, d\u00e8s 11 heures<\/h3>\n\n\n\n<p>Vente de pains et ap\u00e9ros, divers<br>Fourn\u00e9es selon la disposition des boulangers<\/p>\n\n\n\n<h2 class=\"wp-block-heading h2-Vert3\">2024<\/h2>\n\n\n\n<h3 class=\"wp-block-heading\">Vendredi 15 mars<\/h3>\n\n\n\n<p>Assembl\u00e9e g\u00e9n\u00e9rale (13e) A 19 h \u00e0 la Cantine de Fayot. Raclette apr\u00e8s l\u2019assembl\u00e9e<\/p>\n\n\n\n<h3 class=\"wp-block-heading\">Samedi 6 avril d\u00e8s 11h00<\/h3>\n\n\n\n<p>vente de pains et ap\u00e9ro. Fourn\u00e9es, selon la disponibilit\u00e9 des boulangers<\/p>\n\n\n\n<h3 class=\"wp-block-heading\">Samedi 8 juin d\u00e8s 11h00<\/h3>\n\n\n\n<p>vente de pains et ap\u00e9ro. Fourn\u00e9es, selon la disponibilit\u00e9 des boulangers&nbsp;<\/p>\n\n\n\n<h3 class=\"wp-block-heading\">Samedi 12 octobre d\u00e8s 11h00<\/h3>\n\n\n\n<p>vente de pains et ap\u00e9ro.<br>Fourn\u00e9es, selon la disponibilit\u00e9 des boulangers<\/p>\n\n\n\n<h3 class=\"wp-block-heading\">Samedi 14 d\u00e9cembre d\u00e8s 11h00<\/h3>\n\n\n\n<p>vente de pains et ap\u00e9ro. Fourn\u00e9es, selon la disponibilit\u00e9 des boulangers<\/p>\n\n\n\n<p><\/p>\n\n\n\n<h2 class=\"wp-block-heading h2-Vert3\">2023<\/h2>\n\n\n\n<h3 class=\"wp-block-heading has-medium-font-size\">Vendredi 24 mars<\/h3>\n\n\n\n<p>Assembl\u00e9e g\u00e9n\u00e9rale (13e) A 19 h \u00e0 la Cantine de Fayot. Raclette apr\u00e8s l\u2019assembl\u00e9e<\/p>\n\n\n\n<h3 class=\"wp-block-heading has-medium-font-size\">Samedi 1 avril d\u00e8s 11 h 00<\/h3>\n\n\n\n<p>vente de pains et ap\u00e9ro. Fourn\u00e9es, selon la disponibilit\u00e9 des boulangers<\/p>\n\n\n\n<h3 class=\"wp-block-heading has-medium-font-size\">Samedi 3 juin d\u00e8s 11 h 00<\/h3>\n\n\n\n<p>vente de pains et ap\u00e9ro. Fourn\u00e9es, selon la disponibilit\u00e9 des boulangers&nbsp;<\/p>\n\n\n\n<h3 class=\"wp-block-heading has-medium-font-size\">Samedi 26 ao\u00fbt<\/h3>\n\n\n\n<p>Balade au fil du pain<br>Sur r\u00e9servation seulement<br>https:\/\/www.regiondentsdumidi.ch\/fr\/6111951-balade-au-fil-du-pain-41131<\/p>\n\n\n\n<h3 class=\"wp-block-heading has-medium-font-size\">14 octobre d\u00e8s 11 h 00<\/h3>\n\n\n\n<p>vente de pains et ap\u00e9ro.<br>Fourn\u00e9es, selon la disponibilit\u00e9 des boulangers<\/p>\n\n\n\n<h3 class=\"wp-block-heading has-medium-font-size\">9 d\u00e9cembre<\/h3>\n\n\n\n<p>Fen\u00eatre de l\u2019Avent de la Commune de Troistorrents<br>D\u00e8s 18 h 00, vin chaud \/ soupe \u00e0 la courge \/ vente de pains<\/p>\n\n\n\n<h2 class=\"wp-block-heading h2-Vert3\">2022<\/h2>\n\n\n\n<h3 class=\"wp-block-heading has-medium-font-size\"><strong>Vendredi 25 mars<\/strong><\/h3>\n\n\n\n<p>Assembl\u00e9e g\u00e9n\u00e9rale (12e)<br>A 19 h 30 \u00e0 la Cavagne. Raclette apr\u00e8s l&rsquo;assembl\u00e9e<\/p>\n\n\n\n<h3 class=\"wp-block-heading has-medium-font-size\">Samedi 2 avril<\/h3>\n\n\n\n<p>D\u00e8s 11 h 00, vente de pains et ap\u00e9ro.<br>Fourn\u00e9es, selon la disponibilit\u00e9 des boulangers<\/p>\n\n\n\n<h3 class=\"wp-block-heading has-medium-font-size\">Samedi 11 juin<\/h3>\n\n\n\n<p>D\u00e8s 11 h 00, vente de pains et ap\u00e9ro.<br>Fourn\u00e9es, selon la disponibilit\u00e9 des boulangers<\/p>\n\n\n\n<h3 class=\"wp-block-heading has-medium-font-size\">Samedi 3 septembre<\/h3>\n\n\n\n<p>Balade au fil du pain<br>Sur r\u00e9servation seulement<br><a rel=\"noreferrer noopener\" href=\"https:\/\/www.regiondentsdumidi.ch\/fr\/6111951-balade-au-fil-du-pain-41131\" target=\"_blank\">https:\/\/www.regiondentsdumidi.ch\/fr\/6111951-balade-au-fil-du-pain-41131<\/a><\/p>\n\n\n\n<h3 class=\"wp-block-heading has-medium-font-size\">Samedi 15 octobre<\/h3>\n\n\n\n<p>D\u00e8s 11 h 00, vente de pains et ap\u00e9ro.<br>Fourn\u00e9es, selon la disponibilit\u00e9 des boulangers<\/p>\n\n\n\n<h3 class=\"wp-block-heading has-medium-font-size\">Samedi 11 d\u00e9cembre&nbsp;<\/h3>\n\n\n\n<p>Fen\u00eatre de l\u2019Avent de la Commune de Troistorrents<br>D\u00e8s 18 h 00, vin chaud \/ soupe \u00e0 la courge \/ vente de pains &nbsp; &nbsp; &nbsp;<\/p>\n\n\n\n<h2 class=\"wp-block-heading h2-Vert3\">2021<\/h2>\n\n\n\n<h3 class=\"wp-block-heading has-medium-font-size\">Vendredi 5 mars \u2013 Annul\u00e9<\/h3>\n\n\n\n<p>Assembl\u00e9e g\u00e9n\u00e9rale (11e)<\/p>\n\n\n\n<h3 class=\"wp-block-heading has-medium-font-size\">Samedi 24 avril<\/h3>\n\n\n\n<p>D\u00e8s 11 h 00, vente des pains et ap\u00e9ro<\/p>\n\n\n\n<h3 class=\"wp-block-heading has-medium-font-size\">Samedi 5 juin<\/h3>\n\n\n\n<p>D\u00e8s 11 h 00, vente des pains et ap\u00e9ro<\/p>\n\n\n\n<h3 class=\"wp-block-heading has-medium-font-size\">Dimanche 15 ao\u00fbt<\/h3>\n\n\n\n<p>Ventes de TARTINES du Four \u00e0 pain<\/p>\n\n\n\n<h3 class=\"wp-block-heading has-medium-font-size\">Samedi 28 ao\u00fbt<\/h3>\n\n\n\n<p>Sur r\u00e9servation seulement:<br><a href=\"http:\/\/rddm.ch\/aufildupain\">rddm.ch\/aufildupain<\/a><\/p>\n\n\n\n<h2 class=\"wp-block-heading h2-Vert3\">2020&nbsp;<\/h2>\n\n\n\n<h3 class=\"wp-block-heading has-medium-font-size\">Vendredi 20 mars &#8211; Annul\u00e9<\/h3>\n\n\n\n<p>Assembl\u00e9e g\u00e9n\u00e9rale (10e)<br>A 19 h 30 au Chalet de la Treille. Raclette apr\u00e8s l\u2019assembl\u00e9e<\/p>\n\n\n\n<h3 class=\"wp-block-heading has-medium-font-size\">Samedi 4 avril &#8211; Annul\u00e9<\/h3>\n\n\n\n<p>D\u00e8s 11 h 00, vente des pains et ap\u00e9ro.<\/p>\n\n\n\n<p>Fourn\u00e9es, selon la disponibilit\u00e9 des boulangers.<\/p>\n\n\n\n<h3 class=\"wp-block-heading has-medium-font-size\">Samedi 6 juin &#8211; Annul\u00e9<\/h3>\n\n\n\n<p>D\u00e8s 11 h 00, vente des pains et ap\u00e9ro.<\/p>\n\n\n\n<p>Fourn\u00e9es, selon la disponibilit\u00e9 des boulangers.<\/p>\n\n\n\n<h3 class=\"wp-block-heading has-medium-font-size\">Samedi 1er ao\u00fbt<\/h3>\n\n\n\n<p>Au Mirage \u00e0 Monthey, d\u00e8s 17 heures<br>Ventes de TARTINES et DESSERTS du Four \u00e0 pain<\/p>\n\n\n\n<h3 class=\"wp-block-heading has-medium-font-size\">Samedi 29 ao\u00fbt, d\u00e8s 10 h 30<\/h3>\n\n\n\n<p>Balade au fil du pain<br>Sur r\u00e9servation seulement:<br><a href=\"http:\/\/rddm.ch\/aufildupain\">rddm.ch\/aufildupain<\/a><\/p>\n\n\n\n<h3 class=\"wp-block-heading has-medium-font-size\">Vendredi 28 ao\u00fbt<\/h3>\n\n\n\n<p>D\u00e8s 18 h 00, vente des pains et ap\u00e9ro.<\/p>\n\n\n\n<p>Sp\u00e9cial pour les membres du Four \u00e0 pain<\/p>\n\n\n\n<h3 class=\"wp-block-heading has-medium-font-size\">Samedi 17 octobre<\/h3>\n\n\n\n<p>D\u00e8s 11 h 00, vente des pains et ap\u00e9ro.<\/p>\n\n\n\n<p>Fourn\u00e9es, selon la disponibilit\u00e9 des boulangers.<\/p>\n\n\n\n<h3 class=\"wp-block-heading has-medium-font-size\">Samedi 12 d\u00e9cembre<\/h3>\n\n\n\n<p>Fen\u00eatre de l\u2019Avent de la Commune de Troistorrents<\/p>\n\n\n\n<p>D\u00e8s 18 h 00, Vin chaud \/ Soupe \u00e0 la courge \/ Vente de pains<\/p>\n\n\n\n<h2 class=\"wp-block-heading h2-Vert3\">2019<\/h2>\n\n\n\n<h3 class=\"wp-block-heading\">Samedi 19 octobre \u00ab\u00a0Sp\u00e9cial fourn\u00e9e des jeunes\u00a0\u00bb<\/h3>\n\n\n\n<p>D\u00e8s 11 h 00, vente des pains et ap\u00e9ro.<\/p>\n\n\n\n<p>Fourn\u00e9es, selon la disponibilit\u00e9 des jeunes boulangers boulangers.<\/p>\n\n\n\n<h3 class=\"wp-block-heading\">Vendredi 22 mars<\/h3>\n\n\n\n<p>Assembl\u00e9e g\u00e9n\u00e9rale (9e)<\/p>\n\n\n\n<p>A 19 h 30 au Chalet de la Treille. Raclettte apr\u00e8s l&rsquo;assembl\u00e9e<\/p>\n\n\n\n<h3 class=\"wp-block-heading\">Samedi 6 avril<\/h3>\n\n\n\n<p>D\u00e8s 10 h 30, ap\u00e9ro. D\u00e8s 11 h 00, vente des pains.<\/p>\n\n\n\n<p>3 fourn\u00e9es: 2 de pains , 1 de cuchaule.<\/p>\n\n\n\n<h3 class=\"wp-block-heading\">Samedi 27 avril (annul\u00e9)<\/h3>\n\n\n\n<p>D\u00e8s 8 h 30, Journ\u00e9e bois<\/p>\n\n\n\n<p>Direction Petit-Paradis, coupe et rangement de bois pour les prochaines fourn\u00e9es<\/p>\n\n\n\n<h3 class=\"wp-block-heading\">Samedi 15 juin<\/h3>\n\n\n\n<p>D\u00e8s 11 h 00, vente des pains et ap\u00e9ro.<\/p>\n\n\n\n<p>Fourn\u00e9es, selon la disponibilit\u00e9 des boulangers<\/p>\n\n\n\n<h3 class=\"wp-block-heading\">Samedi 31 ao\u00fbt<\/h3>\n\n\n\n<p>D\u00e8s 11 h 00, vente des pains et ap\u00e9ro.<\/p>\n\n\n\n<p>Fourn\u00e9es, selon la disonibilit\u00e9 des boulangers<\/p>\n\n\n\n<h3 class=\"wp-block-heading\">Samedi 7 septembre<\/h3>\n\n\n\n<p>D\u00e8s 8 h 30, Journ\u00e9e bois<\/p>\n\n\n\n<p>Direction Petit-Paradis, coupe et rangement de bois pour les prochaines fourn\u00e9es<\/p>\n\n\n\n<h3 class=\"wp-block-heading\">Samedi 14 d\u00e9cembre<\/h3>\n\n\n\n<p>D\u00e8s 18 h 30, vente des pains \u00e0 l&rsquo;occasion de la fen\u00eatre de l&rsquo;Avent de la Commune de Troistorrents.<br>Vin chaud \/ Soupe \u00e0 la courge avec du pain de la fourn\u00e9e.<\/p>\n\n\n\n<h2 class=\"wp-block-heading h2-Vert3\">2018<\/h2>\n\n\n\n<h3 class=\"wp-block-heading\">Samedi 1 d\u00e9cembre<\/h3>\n\n\n\n<p>D\u00e8s 18 h 30, vente des pains \u00e0 l&rsquo;occasion de la fen\u00eatre de l&rsquo;Avent de Troistorrents.<\/p>\n\n\n\n<p>2 fourn\u00e9es de 40 pains multic\u00e9rales.<\/p>\n\n\n\n<h3 class=\"wp-block-heading\">Samedi 16 juin<\/h3>\n\n\n\n<p>D\u00e8s 11 heures, vente des pains et ap\u00e9ro.<\/p>\n\n\n\n<p>3 fourn\u00e9es: 2 de pains, 1 de cuchaule (selon la disponibilit\u00e9 des boulangers)<\/p>\n\n\n\n<h2 class=\"wp-block-heading h2-Vert3\">2017<\/h2>\n\n\n\n<h3 class=\"wp-block-heading\">Samedi 2 d\u00e9cembre<\/h3>\n\n\n\n<p>D\u00e8s 18 h 30, vente des pains \u00e0 l&rsquo;occasion de la fen\u00eatre de l&rsquo;Avent de Troistorrents.<br>Vin chaud \/ Soupe \u00e0 la courge avec du pain de la fourn\u00e9e.<\/p>\n\n\n\n<h3 class=\"wp-block-heading\">Samedi 16 septembre<\/h3>\n\n\n\n<p>D\u00e8s 11 heures, vente des pains et ap\u00e9ro.<\/p>\n\n\n\n<p>3 fourn\u00e9es: 2 de pains , 1 de cuchaule.<\/p>\n\n\n\n<h3 class=\"wp-block-heading\">Samedi 13 mai<\/h3>\n\n\n\n<p>D\u00e8s 11 heures, vente des pains et ap\u00e9ro.<\/p>\n\n\n\n<p>3 fourn\u00e9es: 2 de pains, 1 de cuchaule.<\/p>\n\n\n\n<h2 class=\"wp-block-heading h2-Vert3\">2016<\/h2>\n\n\n\n<h3 class=\"wp-block-heading\">Samedi 3 d\u00e9cembre<\/h3>\n\n\n\n<p>D\u00e8s 18 h 30, vente des pains \u00e0 l&rsquo;occasion de la fen\u00eatre de l&rsquo;Avent de Troistorrents.<\/p>\n\n\n\n<h3 class=\"wp-block-heading\">Samedi 17 septembre<\/h3>\n\n\n\n<p>D\u00e8s 11 h, vente des pains.<\/p>\n\n\n\n<p>2 fourn\u00e9es, 1 x 20 pains multic\u00e9rales + 20 cuchaules et 1 x 40 multic\u00e9r\u00e9ales<\/p>\n\n\n\n<h3 class=\"wp-block-heading\">Samedi 14 mai<\/h3>\n\n\n\n<p>D\u00e8s 11 h 30, vente des pains.<\/p>\n\n\n\n<p>2 fourn\u00e9es, 1 x 40 pains multic\u00e9rales et 1 x 40 cuchaules.<\/p>\n\n\n\n<h3 class=\"wp-block-heading\">Samedi 9 avril<\/h3>\n\n\n\n<p>D\u00e8s 8 h, le comit\u00e9 apprend \u00e0 faire du pain.<\/p>\n\n\n\n<p>1 fourn\u00e9e de 40 pains multic\u00e9rales.<\/p>\n\n\n\n<h2 class=\"wp-block-heading h2-Vert3\">2015<\/h2>\n\n\n\n<h3 class=\"wp-block-heading\">Samedi 8 d\u00e9cembre<\/h3>\n\n\n\n<p>D\u00e8s 18 h 30, vente des pains \u00e0 l&rsquo;occasion de la fen\u00eatre de l&rsquo;Avent de Troistorrents.<\/p>\n\n\n\n<p>2 fourn\u00e9es de 40 pains multic\u00e9rales.<\/p>\n\n\n\n<h3 class=\"wp-block-heading\">Samedi 12 septembre<\/h3>\n\n\n\n<p>D\u00e8s 11 h, vente des pains.<\/p>\n\n\n\n<p>2 fourn\u00e9es, 1 x 40 pains multic\u00e9rales et 1 x 40 cuchaules.<\/p>\n\n\n\n<h3 class=\"wp-block-heading\">Samedi 2 mai<\/h3>\n\n\n\n<p>D\u00e8s 11 h, vente des pains \u00e0 l&rsquo;occasion de l&rsquo;inauguration du four \u00e0 pain.<\/p>\n\n\n\n<p>4 fourn\u00e9es, 3 x 40 pains multic\u00e9rales et 1 x 40 cuchaules.<\/p>\n\n\n\n<h3 class=\"wp-block-heading\">Samedi 11 avril<\/h3>\n\n\n\n<p>D\u00e8s 8 h, test d&rsquo;une fourn\u00e9e avant l&rsquo;inauguration.<\/p>\n\n\n\n<p>1 fourn\u00e9e de 40 pains multic\u00e9rales.<\/p>\n\n\n\n<h2 class=\"wp-block-heading h2-Vert3\">2014<\/h2>\n\n\n\n<h3 class=\"wp-block-heading\">Mercredi 31 d\u00e9cembre<\/h3>\n\n\n\n<p>D\u00e8s 9 h, vente des pains \u00e0 l&rsquo;occasion de la Foire du 31 \u00e0 Monthey.<\/p>\n\n\n\n<p>2 fourn\u00e9es de 40 pains multic\u00e9rales.<\/p>\n","protected":false},"excerpt":{"rendered":"<p>Fourn\u00e9es et manifestations au four banal Vente des produits des fourn\u00e9es selon le nombre \u00e0 disposition.Notre four ne pouvant produire que de petites quantit\u00e9s de pain, nous ne pouvons pas prendre en compte la r\u00e9servation de pains.Un petit stand sera install\u00e9 pour boire en verre, le temps de la vente. Au plaisir de votre visite. [&hellip;]<\/p>\n","protected":false},"author":1,"featured_media":0,"parent":649,"menu_order":0,"comment_status":"closed","ping_status":"closed","template":"","meta":{"footnotes":""},"class_list":["post-390","page","type-page","status-publish","hentry"],"_links":{"self":[{"href":"https:\/\/www.properaz.ch\/four-a-pain\/wp-json\/wp\/v2\/pages\/390","targetHints":{"allow":["GET"]}}],"collection":[{"href":"https:\/\/www.properaz.ch\/four-a-pain\/wp-json\/wp\/v2\/pages"}],"about":[{"href":"https:\/\/www.properaz.ch\/four-a-pain\/wp-json\/wp\/v2\/types\/page"}],"author":[{"embeddable":true,"href":"https:\/\/www.properaz.ch\/four-a-pain\/wp-json\/wp\/v2\/users\/1"}],"replies":[{"embeddable":true,"href":"https:\/\/www.properaz.ch\/four-a-pain\/wp-json\/wp\/v2\/comments?post=390"}],"version-history":[{"count":38,"href":"https:\/\/www.properaz.ch\/four-a-pain\/wp-json\/wp\/v2\/pages\/390\/revisions"}],"predecessor-version":[{"id":911,"href":"https:\/\/www.properaz.ch\/four-a-pain\/wp-json\/wp\/v2\/pages\/390\/revisions\/911"}],"up":[{"embeddable":true,"href":"https:\/\/www.properaz.ch\/four-a-pain\/wp-json\/wp\/v2\/pages\/649"}],"wp:attachment":[{"href":"https:\/\/www.properaz.ch\/four-a-pain\/wp-json\/wp\/v2\/media?parent=390"}],"curies":[{"name":"wp","href":"https:\/\/api.w.org\/{rel}","templated":true}]}}