{"id":377,"date":"2022-01-24T10:28:53","date_gmt":"2022-01-24T10:28:53","guid":{"rendered":"https:\/\/www.properaz.ch\/four-a-pain\/?page_id=377"},"modified":"2024-11-03T05:50:38","modified_gmt":"2024-11-03T05:50:38","slug":"presentation-du-comite-afapp","status":"publish","type":"page","link":"https:\/\/www.properaz.ch\/four-a-pain\/association-du-four-a-pain-de-properaz\/presentation-du-comite-afapp\/","title":{"rendered":"Pr\u00e9sentation <span class=\"bold\">du comit\u00e9 <\/span>de l&rsquo;AFAPP"},"content":{"rendered":"\n<h2 class=\"wp-block-heading\">Une \u00e9quipe, bien motiv\u00e9e&#8230;<\/h2>\n\n\n\n<hr class=\"wp-block-separator has-css-opacity\"\/>\n\n\n\n<p>Initialement compos\u00e9e de 11 membres, l\u2019Association pour la sauvegarde du four \u00e0 pain de Prop\u00e9raz a r\u00e9duit son comit\u00e9 \u00e0 la fin des travaux de r\u00e9novation du four. Aujourd\u2019hui, le comit\u00e9 se compose de 9 personnes et peut compter sur le soutien de nombreux <a href=\"https:\/\/www.properaz.ch\/four-a-pain\/association-du-four-a-pain-de-properaz\/devenir-membre-afapp\/\" data-type=\"page\" data-id=\"380\">MEMBRES<\/a>.<\/p>\n\n\n\n<figure class=\"wp-block-image size-large\"><img loading=\"lazy\" decoding=\"async\" width=\"1024\" height=\"675\" src=\"https:\/\/www.properaz.ch\/four-a-pain\/wp-content\/uploads\/2022\/01\/comite-2021-1024x675.jpg\" alt=\"\" class=\"wp-image-364\" srcset=\"https:\/\/www.properaz.ch\/four-a-pain\/wp-content\/uploads\/2022\/01\/comite-2021-1024x675.jpg 1024w, https:\/\/www.properaz.ch\/four-a-pain\/wp-content\/uploads\/2022\/01\/comite-2021-300x198.jpg 300w, https:\/\/www.properaz.ch\/four-a-pain\/wp-content\/uploads\/2022\/01\/comite-2021-768x507.jpg 768w, https:\/\/www.properaz.ch\/four-a-pain\/wp-content\/uploads\/2022\/01\/comite-2021.jpg 1181w\" sizes=\"auto, (max-width: 1024px) 100vw, 1024px\" \/><figcaption class=\"wp-element-caption\">De gauche \u00e0 droite:<br>Pittet Yvoa \u2013 Dall&rsquo;Agnolo Jacques \u2013 Monay C\u00e9line &#8211; Martenet S\u00e9bastien &#8211; Monay Patrick &#8211; Premand Cathy \u2013 Premand J.-Philippe \u2013 Donnet Dominique \u2013 Aubert Antoine<\/figcaption><\/figure>\n","protected":false},"excerpt":{"rendered":"<p>Une \u00e9quipe, bien motiv\u00e9e&#8230; Initialement compos\u00e9e de 11 membres, l\u2019Association pour la sauvegarde du four \u00e0 pain de Prop\u00e9raz a r\u00e9duit son comit\u00e9 \u00e0 la fin des travaux de r\u00e9novation du four. Aujourd\u2019hui, le comit\u00e9 se compose de 9 personnes et peut compter sur le soutien de nombreux MEMBRES.<\/p>\n","protected":false},"author":1,"featured_media":209,"parent":358,"menu_order":0,"comment_status":"closed","ping_status":"closed","template":"","meta":{"footnotes":""},"class_list":["post-377","page","type-page","status-publish","has-post-thumbnail","hentry"],"_links":{"self":[{"href":"https:\/\/www.properaz.ch\/four-a-pain\/wp-json\/wp\/v2\/pages\/377","targetHints":{"allow":["GET"]}}],"collection":[{"href":"https:\/\/www.properaz.ch\/four-a-pain\/wp-json\/wp\/v2\/pages"}],"about":[{"href":"https:\/\/www.properaz.ch\/four-a-pain\/wp-json\/wp\/v2\/types\/page"}],"author":[{"embeddable":true,"href":"https:\/\/www.properaz.ch\/four-a-pain\/wp-json\/wp\/v2\/users\/1"}],"replies":[{"embeddable":true,"href":"https:\/\/www.properaz.ch\/four-a-pain\/wp-json\/wp\/v2\/comments?post=377"}],"version-history":[{"count":5,"href":"https:\/\/www.properaz.ch\/four-a-pain\/wp-json\/wp\/v2\/pages\/377\/revisions"}],"predecessor-version":[{"id":881,"href":"https:\/\/www.properaz.ch\/four-a-pain\/wp-json\/wp\/v2\/pages\/377\/revisions\/881"}],"up":[{"embeddable":true,"href":"https:\/\/www.properaz.ch\/four-a-pain\/wp-json\/wp\/v2\/pages\/358"}],"wp:featuredmedia":[{"embeddable":true,"href":"https:\/\/www.properaz.ch\/four-a-pain\/wp-json\/wp\/v2\/media\/209"}],"wp:attachment":[{"href":"https:\/\/www.properaz.ch\/four-a-pain\/wp-json\/wp\/v2\/media?parent=377"}],"curies":[{"name":"wp","href":"https:\/\/api.w.org\/{rel}","templated":true}]}}