{"id":346,"date":"2022-01-21T18:55:55","date_gmt":"2022-01-21T18:55:55","guid":{"rendered":"https:\/\/www.properaz.ch\/four-a-pain\/?page_id=346"},"modified":"2024-11-02T09:13:20","modified_gmt":"2024-11-02T09:13:20","slug":"inauguration-du-four-banal","status":"publish","type":"page","link":"https:\/\/www.properaz.ch\/four-a-pain\/le-four\/inauguration-du-four-banal\/","title":{"rendered":"2 mai 2015<span class=\"bold\"> Inauguration <\/span>du four banal"},"content":{"rendered":"\n<p><\/p>\n\n\n\n<p><\/p>\n\n\n\n<figure class=\"wp-block-gallery has-nested-images columns-default is-cropped wp-block-gallery-2 is-layout-flex wp-block-gallery-is-layout-flex\">\n<figure class=\"wp-block-image size-large\"><a href=\"https:\/\/www.properaz.ch\/four-a-pain\/wp-content\/uploads\/2022\/01\/2015_inaug_monay_19_2.jpg\"><img loading=\"lazy\" decoding=\"async\" width=\"842\" height=\"564\" data-id=\"347\" src=\"https:\/\/www.properaz.ch\/four-a-pain\/wp-content\/uploads\/2022\/01\/2015_inaug_monay_19_2.jpg\" alt=\"\" class=\"wp-image-347\" srcset=\"https:\/\/www.properaz.ch\/four-a-pain\/wp-content\/uploads\/2022\/01\/2015_inaug_monay_19_2.jpg 842w, https:\/\/www.properaz.ch\/four-a-pain\/wp-content\/uploads\/2022\/01\/2015_inaug_monay_19_2-300x201.jpg 300w, https:\/\/www.properaz.ch\/four-a-pain\/wp-content\/uploads\/2022\/01\/2015_inaug_monay_19_2-768x514.jpg 768w\" sizes=\"auto, (max-width: 842px) 100vw, 842px\" \/><\/a><\/figure>\n\n\n\n<figure class=\"wp-block-image size-large\"><a href=\"https:\/\/www.properaz.ch\/four-a-pain\/wp-content\/uploads\/2022\/01\/2015_inaug_monay_23_1.jpg\"><img loading=\"lazy\" decoding=\"async\" width=\"1024\" height=\"685\" data-id=\"348\" src=\"https:\/\/www.properaz.ch\/four-a-pain\/wp-content\/uploads\/2022\/01\/2015_inaug_monay_23_1-1024x685.jpg\" alt=\"\" class=\"wp-image-348\" srcset=\"https:\/\/www.properaz.ch\/four-a-pain\/wp-content\/uploads\/2022\/01\/2015_inaug_monay_23_1-1024x685.jpg 1024w, https:\/\/www.properaz.ch\/four-a-pain\/wp-content\/uploads\/2022\/01\/2015_inaug_monay_23_1-300x201.jpg 300w, https:\/\/www.properaz.ch\/four-a-pain\/wp-content\/uploads\/2022\/01\/2015_inaug_monay_23_1-768x514.jpg 768w, https:\/\/www.properaz.ch\/four-a-pain\/wp-content\/uploads\/2022\/01\/2015_inaug_monay_23_1.jpg 1200w\" sizes=\"auto, (max-width: 1024px) 100vw, 1024px\" \/><\/a><\/figure>\n\n\n\n<figure class=\"wp-block-image size-large\"><a href=\"https:\/\/www.properaz.ch\/four-a-pain\/wp-content\/uploads\/2022\/01\/2015_inaug_monay_35_2.jpg\"><img loading=\"lazy\" decoding=\"async\" width=\"842\" height=\"564\" data-id=\"349\" src=\"https:\/\/www.properaz.ch\/four-a-pain\/wp-content\/uploads\/2022\/01\/2015_inaug_monay_35_2.jpg\" alt=\"\" class=\"wp-image-349\" srcset=\"https:\/\/www.properaz.ch\/four-a-pain\/wp-content\/uploads\/2022\/01\/2015_inaug_monay_35_2.jpg 842w, https:\/\/www.properaz.ch\/four-a-pain\/wp-content\/uploads\/2022\/01\/2015_inaug_monay_35_2-300x201.jpg 300w, https:\/\/www.properaz.ch\/four-a-pain\/wp-content\/uploads\/2022\/01\/2015_inaug_monay_35_2-768x514.jpg 768w\" sizes=\"auto, (max-width: 842px) 100vw, 842px\" \/><\/a><\/figure>\n\n\n\n<figure class=\"wp-block-image size-large\"><a href=\"https:\/\/www.properaz.ch\/four-a-pain\/wp-content\/uploads\/2022\/01\/2015_inaug_monay_42_2.jpg\"><img loading=\"lazy\" decoding=\"async\" width=\"842\" height=\"503\" data-id=\"350\" src=\"https:\/\/www.properaz.ch\/four-a-pain\/wp-content\/uploads\/2022\/01\/2015_inaug_monay_42_2.jpg\" alt=\"\" class=\"wp-image-350\" srcset=\"https:\/\/www.properaz.ch\/four-a-pain\/wp-content\/uploads\/2022\/01\/2015_inaug_monay_42_2.jpg 842w, https:\/\/www.properaz.ch\/four-a-pain\/wp-content\/uploads\/2022\/01\/2015_inaug_monay_42_2-300x179.jpg 300w, https:\/\/www.properaz.ch\/four-a-pain\/wp-content\/uploads\/2022\/01\/2015_inaug_monay_42_2-768x459.jpg 768w\" sizes=\"auto, (max-width: 842px) 100vw, 842px\" \/><\/a><\/figure>\n\n\n\n<figure class=\"wp-block-image size-large\"><a href=\"https:\/\/www.properaz.ch\/four-a-pain\/wp-content\/uploads\/2022\/01\/2015_inaug_monay_13_2.jpg\"><img loading=\"lazy\" decoding=\"async\" width=\"842\" height=\"459\" data-id=\"351\" src=\"https:\/\/www.properaz.ch\/four-a-pain\/wp-content\/uploads\/2022\/01\/2015_inaug_monay_13_2.jpg\" alt=\"\" class=\"wp-image-351\" srcset=\"https:\/\/www.properaz.ch\/four-a-pain\/wp-content\/uploads\/2022\/01\/2015_inaug_monay_13_2.jpg 842w, https:\/\/www.properaz.ch\/four-a-pain\/wp-content\/uploads\/2022\/01\/2015_inaug_monay_13_2-300x164.jpg 300w, https:\/\/www.properaz.ch\/four-a-pain\/wp-content\/uploads\/2022\/01\/2015_inaug_monay_13_2-768x419.jpg 768w\" sizes=\"auto, (max-width: 842px) 100vw, 842px\" \/><\/a><\/figure>\n<figcaption class=\"blocks-gallery-caption wp-element-caption\">2015<br>Inauguration officielle en pr\u00e9sence des autorit\u00e9s et b\u00e9n\u00e9diction du four et du pain par le cur\u00e9 de Troistorrents <\/figcaption><\/figure>\n\n\n\n<hr class=\"wp-block-separator has-css-opacity\"\/>\n\n\n\n<div class=\"wp-block-group ArticleFondVert3\"><div class=\"wp-block-group__inner-container is-layout-flow wp-block-group-is-layout-flow\">\n<h3 class=\"wp-block-heading\">DROITS PHOTOS<\/h3>\n\n\n\n<p>Le comit\u00e9 et les b\u00e9n\u00e9voles du four \u00e0 pain de Prop\u00e9raz ont donn\u00e9 leur accord pour \u00eatre en photo sur le site www.properaz.ch. <\/p>\n\n\n\n<p><em>Peut-\u00eatre vous retrouvez-vous sur une image lors de l&rsquo;inauguration alors que vous ne le souhaitez pas <\/em>?<\/p>\n\n\n\n<p>Nous en sommes d\u00e9sol\u00e9s. Faites-en nous part via notre formulaire <a href=\"https:\/\/www.properaz.ch\/four-a-pain\/contact\/\">CONTACT<\/a>. Merci.<\/p>\n<\/div><\/div>\n","protected":false},"excerpt":{"rendered":"<p>DROITS PHOTOS Le comit\u00e9 et les b\u00e9n\u00e9voles du four \u00e0 pain de Prop\u00e9raz ont donn\u00e9 leur accord pour \u00eatre en photo sur le site www.properaz.ch. Peut-\u00eatre vous retrouvez-vous sur une image lors de l&rsquo;inauguration alors que vous ne le souhaitez pas ? Nous en sommes d\u00e9sol\u00e9s. Faites-en nous part via notre formulaire CONTACT. Merci.<\/p>\n","protected":false},"author":1,"featured_media":209,"parent":649,"menu_order":0,"comment_status":"closed","ping_status":"closed","template":"","meta":{"footnotes":""},"class_list":["post-346","page","type-page","status-publish","has-post-thumbnail","hentry"],"_links":{"self":[{"href":"https:\/\/www.properaz.ch\/four-a-pain\/wp-json\/wp\/v2\/pages\/346","targetHints":{"allow":["GET"]}}],"collection":[{"href":"https:\/\/www.properaz.ch\/four-a-pain\/wp-json\/wp\/v2\/pages"}],"about":[{"href":"https:\/\/www.properaz.ch\/four-a-pain\/wp-json\/wp\/v2\/types\/page"}],"author":[{"embeddable":true,"href":"https:\/\/www.properaz.ch\/four-a-pain\/wp-json\/wp\/v2\/users\/1"}],"replies":[{"embeddable":true,"href":"https:\/\/www.properaz.ch\/four-a-pain\/wp-json\/wp\/v2\/comments?post=346"}],"version-history":[{"count":10,"href":"https:\/\/www.properaz.ch\/four-a-pain\/wp-json\/wp\/v2\/pages\/346\/revisions"}],"predecessor-version":[{"id":554,"href":"https:\/\/www.properaz.ch\/four-a-pain\/wp-json\/wp\/v2\/pages\/346\/revisions\/554"}],"up":[{"embeddable":true,"href":"https:\/\/www.properaz.ch\/four-a-pain\/wp-json\/wp\/v2\/pages\/649"}],"wp:featuredmedia":[{"embeddable":true,"href":"https:\/\/www.properaz.ch\/four-a-pain\/wp-json\/wp\/v2\/media\/209"}],"wp:attachment":[{"href":"https:\/\/www.properaz.ch\/four-a-pain\/wp-json\/wp\/v2\/media?parent=346"}],"curies":[{"name":"wp","href":"https:\/\/api.w.org\/{rel}","templated":true}]}}