{"id":303,"date":"2022-01-12T15:49:56","date_gmt":"2022-01-12T15:49:56","guid":{"rendered":"https:\/\/www.properaz.ch\/four-a-pain\/?page_id=303"},"modified":"2024-11-02T09:13:20","modified_gmt":"2024-11-02T09:13:20","slug":"historique-four-a-pain-de-properaz","status":"publish","type":"page","link":"https:\/\/www.properaz.ch\/four-a-pain\/le-four\/historique-four-a-pain-de-properaz\/","title":{"rendered":"Quelques lignes <span class=\"bold\">sur l&rsquo;historique <\/span> du four banal"},"content":{"rendered":"\n<h2 class=\"wp-block-heading\">Datant de 1663, le four banal continue \u00e0 vivre&#8230;<\/h2>\n\n\n\n<h2 class=\"wp-block-heading\">Un patrimoine s\u00e9culaire<\/h2>\n\n\n\n<p>En raison du manque de traces \u00e9crites, il est difficile de retracer avec pr\u00e9cision l&rsquo;<strong>histoire du four banal de Prop\u00e9raz<\/strong>. On sait n\u00e9anmoins qu&rsquo;il a \u00e9t\u00e9 construit en 1663 et r\u00e9nov\u00e9 en 1842. On y fabriquait du pain avec les farines locales. Le four \u00e9tait r\u00e9guli\u00e8rement utilis\u00e9 jusqu&rsquo;au milieu du XXe si\u00e8cle par les cinq familles qui en \u00e9taient propri\u00e9taires: Tagan H\u00e9l\u00e8ne (Aubert Antoine), Lange Victorien, Marclay Jean, Martenet J\u00e9r\u00e9mie et Tagan Cl\u00e9ment. Depuis cette \u00e9poque, les murs de pierre et le toit en bardeaux de l&rsquo;\u00e9difice se sont peu \u00e0 peu d\u00e9t\u00e9rior\u00e9s. A la fin des ann\u00e9es 80, les habitants du quartier l&rsquo;ont fait revivre en y fabriquant du pain. Cependant, l&rsquo;\u00e9tat de d\u00e9labrement du four a fini par avoir raison de ces efforts. Les r\u00e9parations de fortune entreprises par ces m\u00eames villageois n&rsquo;ont permis que d&rsquo;\u00e9viter un effondrement total. Une op\u00e9ration de sauvetage s&rsquo;av\u00e9rait indispensable&#8230;<\/p>\n\n\n\n<p>L&rsquo;Association accueillerait avec joie toute information ou anecdote susceptible d&rsquo;enrichir ce bref historique. N&rsquo;h\u00e9sitez pas \u00e0 prendre contact avec nous.<\/p>\n\n\n\n<p>Vous pouvez d\u00e9couvrir en images, la page <a href=\"https:\/\/www.properaz.ch\/four-a-pain\/photos\/1980-a-nos-jours\/\" data-type=\"page\" data-id=\"552\">1980 \u00e0 NOS JOURS<\/a> en photos.<\/p>\n\n\n\n<figure class=\"wp-block-image size-full imgBorder imgPageGrand\"><img loading=\"lazy\" decoding=\"async\" width=\"842\" height=\"550\" src=\"https:\/\/www.properaz.ch\/four-a-pain\/wp-content\/uploads\/2022\/01\/1991_06_historique_2.jpg\" alt=\"\" class=\"wp-image-304\" srcset=\"https:\/\/www.properaz.ch\/four-a-pain\/wp-content\/uploads\/2022\/01\/1991_06_historique_2.jpg 842w, https:\/\/www.properaz.ch\/four-a-pain\/wp-content\/uploads\/2022\/01\/1991_06_historique_2-300x196.jpg 300w, https:\/\/www.properaz.ch\/four-a-pain\/wp-content\/uploads\/2022\/01\/1991_06_historique_2-768x502.jpg 768w\" sizes=\"auto, (max-width: 842px) 100vw, 842px\" \/><figcaption class=\"wp-element-caption\"><em>Bernadette et J\u00e9r\u00e9mie Martenet faisaient d\u00e9j\u00e0 vivre le four \u00e0 pain de Prop\u00e9raz en 1991<\/em><\/figcaption><\/figure>\n\n\n\n<hr class=\"wp-block-separator has-css-opacity\"\/>\n\n\n\n<p><\/p>\n","protected":false},"excerpt":{"rendered":"<p>Datant de 1663, le four banal continue \u00e0 vivre&#8230; Un patrimoine s\u00e9culaire En raison du manque de traces \u00e9crites, il est difficile de retracer avec pr\u00e9cision l&rsquo;histoire du four banal de Prop\u00e9raz. On sait n\u00e9anmoins qu&rsquo;il a \u00e9t\u00e9 construit en 1663 et r\u00e9nov\u00e9 en 1842. On y fabriquait du pain avec les farines locales. Le [&hellip;]<\/p>\n","protected":false},"author":1,"featured_media":209,"parent":649,"menu_order":0,"comment_status":"closed","ping_status":"closed","template":"","meta":{"footnotes":""},"class_list":["post-303","page","type-page","status-publish","has-post-thumbnail","hentry"],"_links":{"self":[{"href":"https:\/\/www.properaz.ch\/four-a-pain\/wp-json\/wp\/v2\/pages\/303","targetHints":{"allow":["GET"]}}],"collection":[{"href":"https:\/\/www.properaz.ch\/four-a-pain\/wp-json\/wp\/v2\/pages"}],"about":[{"href":"https:\/\/www.properaz.ch\/four-a-pain\/wp-json\/wp\/v2\/types\/page"}],"author":[{"embeddable":true,"href":"https:\/\/www.properaz.ch\/four-a-pain\/wp-json\/wp\/v2\/users\/1"}],"replies":[{"embeddable":true,"href":"https:\/\/www.properaz.ch\/four-a-pain\/wp-json\/wp\/v2\/comments?post=303"}],"version-history":[{"count":6,"href":"https:\/\/www.properaz.ch\/four-a-pain\/wp-json\/wp\/v2\/pages\/303\/revisions"}],"predecessor-version":[{"id":566,"href":"https:\/\/www.properaz.ch\/four-a-pain\/wp-json\/wp\/v2\/pages\/303\/revisions\/566"}],"up":[{"embeddable":true,"href":"https:\/\/www.properaz.ch\/four-a-pain\/wp-json\/wp\/v2\/pages\/649"}],"wp:featuredmedia":[{"embeddable":true,"href":"https:\/\/www.properaz.ch\/four-a-pain\/wp-json\/wp\/v2\/media\/209"}],"wp:attachment":[{"href":"https:\/\/www.properaz.ch\/four-a-pain\/wp-json\/wp\/v2\/media?parent=303"}],"curies":[{"name":"wp","href":"https:\/\/api.w.org\/{rel}","templated":true}]}}